{"id":12755,"date":"2022-11-07T14:21:59","date_gmt":"2022-11-07T14:21:59","guid":{"rendered":"https:\/\/www.rapturecamps.com\/newsletter\/"},"modified":"2023-03-03T10:10:31","modified_gmt":"2023-03-03T10:10:31","slug":"newsletter","status":"publish","type":"page","link":"https:\/\/www.rapturecamps.com\/de\/newsletter\/","title":{"rendered":"Newsletter"},"content":{"rendered":"\n<p>RAPTURE SURFCAMPS freut sich sehr, dich in unserer liebevollen Gemeinschaft begr\u00fc\u00dfen zu d\u00fcrfen! ????<br>Melde dich gleich hier f\u00fcr den Newsletter an und erfahre als ester \u00fcber Early Bird Rabatte order andere Neuigkeiten.<\/p>\n\n\n\n<!--Zoho Campaigns Web-Optin Form Starts Here-->\n\n<div id=\"customForm\">\n\t<div id=\"customForm\" class=\"quick_form_11_css\" name=\"SIGNUP_BODY\">\n\t\t<div>\n\t\t\t<div id=\"SIGNUP_HEADING\"><\/div>\n\t\t\t<div style=\"position:relative;\">\n\t\t\t\t<div id=\"Zc_SignupSuccess\" style=\"display:none;position:absolute;margin-left:4%;width:90%;background-color: white; padding: 3px; border: 3px solid rgb(194, 225, 154);  margin-top: 10px;margin-bottom:10px;word-break:break-all \">\n\t\t\t\t\t<table width=\"100%\" cellpadding=\"0\" cellspacing=\"0\" border=\"0\">\n\t\t\t\t\t\t<tbody>\n\t\t\t\t\t\t\t<tr>\n\t\t\t\t\t\t\t\t<td width=\"10%\">\n\t\t\t\t\t\t\t\t\t<img decoding=\"async\" class=\"successicon\" src=\"https:\/\/ecms-zcmp.maillist-manage.eu\/images\/challangeiconenable.jpg\" align=\"absmiddle\">\n\t\t\t\t\t\t\t\t<\/td>\n\t\t\t\t\t\t\t\t<td>\n\t\t\t\t\t\t\t\t\t<span id=\"signupSuccessMsg\" style=\"color: rgb(73, 140, 132); font-family: sans-serif; font-size: 14px;word-break:break-word\">&nbsp;&nbsp;Thank you for Signing Up<\/span>\n\t\t\t\t\t\t\t\t<\/td>\n\t\t\t\t\t\t\t<\/tr>\n\t\t\t\t\t\t<\/tbody>\n\t\t\t\t\t<\/table>\n\t\t\t\t<\/div>\n\t\t\t<\/div>\n\t\t\t<form method=\"POST\" id=\"zcampaignOptinForm\" action=\"https:\/\/ecms-zcmp.maillist-manage.eu\/weboptin.zc\" target=\"_zcSignup\" onsubmit=\"zcScptlessSubmit(this)\">\n\t\t\t\t<div id=\"errorMsgDiv\"><\/div>\n\t\t\t\t<div class=\"SIGNUP_FLD\">\n\t\t\t\t\t<input type=\"text\" placeholder=\"Email\" changeitem=\"SIGNUP_FORM_FIELD\" name=\"CONTACT_EMAIL\" id=\"EMBED_FORM_EMAIL_LABEL\">\n\t\t\t\t<\/div>\n\t\t\t\t<div class=\"SIGNUP_FLD\">\n\t\t\t\t\t<input type=\"text\" placeholder=\"Name\" changeitem=\"SIGNUP_FORM_FIELD\" name=\"FIRSTNAME\" id=\"FIRSTNAME\">\n\t\t\t\t<\/div>\n\t\t\t\t<div class=\"SIGNUP_FLD\">\n\t\t\t\t\t<input type=\"submit\" name=\"SIGNUP_SUBMIT_BUTTON\" id=\"zcWebOptin\" value=\"Join Now\">\n\t\t\t\t<\/div>\n\t\t\t\t<input type=\"hidden\" id=\"fieldBorder\" value=\"\">\n\t\t\t\t<input type=\"hidden\" id=\"submitType\" name=\"submitType\" value=\"optinCustomView\">\n\t\t\t\t<input type=\"hidden\" id=\"emailReportId\" name=\"emailReportId\" value=\"\">\n\t\t\t\t<input type=\"hidden\" id=\"formType\" name=\"formType\" value=\"QuickForm\">\n\t\t\t\t<input type=\"hidden\" name=\"zx\" id=\"cmpZuid\" value=\"14ac446cfb\">\n\t\t\t\t<input type=\"hidden\" name=\"zcvers\" value=\"2.0\">\n\t\t\t\t<input type=\"hidden\" name=\"oldListIds\" id=\"allCheckedListIds\" value=\"\">\n\t\t\t\t<input type=\"hidden\" id=\"mode\" name=\"mode\" value=\"OptinCreateView\">\n\t\t\t\t<input type=\"hidden\" id=\"zcld\" name=\"zcld\" value=\"117eb0f345eba43a\">\n\t\t\t\t<input type=\"hidden\" id=\"zctd\" name=\"zctd\" value=\"117eb0f345eabdc1\">\n\t\t\t\t<input type=\"hidden\" id=\"document_domain\" value=\"\">\n\t\t\t\t<input type=\"hidden\" id=\"zc_Url\" value=\"ecms-zcmp.maillist-manage.eu\">\n\t\t\t\t<input type=\"hidden\" id=\"new_optin_response_in\" value=\"0\">\n\t\t\t\t<input type=\"hidden\" id=\"duplicate_optin_response_in\" value=\"0\">\n\t\t\t\t<input type=\"hidden\" name=\"zc_trackCode\" id=\"zc_trackCode\" value=\"ZCFORMVIEW\">\n\t\t\t\t<input type=\"hidden\" id=\"zc_formIx\" name=\"zc_formIx\" value=\"3z9f4f2f4cca15c6e298e1a6ccc55ac7d83247773fc23caceb1a832fc7f71f0fbc\">\n\t\t\t\t<input type=\"hidden\" id=\"viewFrom\" value=\"URL_ACTION\">\n\t\t\t\t<input type=\"hidden\" id=\"scriptless\" name=\"scriptless\" value=\"yes\">\n\t\t\t\t<input type=\"hidden\" id=\"zc_spmSubmit\" name=\"zc_spmSubmit\" value=\"ZCSPMSUBMIT\">\n\t\t\t<\/form>\n\t\t<\/div>\n\t<\/div>\n<\/div>\n<div id=\"zcOptinOverLay\" oncontextmenu=\"return false\" style=\"display:none;text-align: center; background-color: rgb(0, 0, 0); opacity: 0.5; z-index: 100; position: fixed; width: 100%; top: 0px; left: 0px; height: 988px;\"><\/div>\n<div id=\"zcOptinSuccessPopup\" style=\"display:none;z-index: 9999;width: 800px; height: 40%;top: 84px;position: fixed; left: 26%;background-color: #FFFFFF;border-color: #E6E6E6; border-style: solid; border-width: 1px;  box-shadow: 0 1px 10px #424242;padding: 35px;\">\n\t<span style=\"position: absolute;top: -16px;right:-14px;z-index:99999;cursor: pointer;\" id=\"closeSuccess\">\n\t\t<img decoding=\"async\" src=\"https:\/\/ecms-zcmp.maillist-manage.eu\/images\/videoclose.png\">\n\t<\/span>\n\t<div id=\"zcOptinSuccessPanel\"><\/div>\n<\/div>\n<script>\n\tfunction zcScptlessSubmit(parentNode){\n\t\tparentNode.removeChild(document.querySelector(\"#zc_spmSubmit\"));parentNode.submit();\n\t}\n<\/script>\n<!--Zoho Campaigns Web-Optin Form Ends Here-->\n","protected":false},"excerpt":{"rendered":"<p>RAPTURE SURFCAMPS freut sich sehr, dich in unserer liebevollen Gemeinschaft begr\u00fc\u00dfen zu d\u00fcrfen! ????Melde dich gleich hier f\u00fcr den Newsletter an und erfahre als ester \u00fcber Early Bird Rabatte order andere Neuigkeiten. &nbsp;&nbsp;Thank you for Signing Up<\/p>\n","protected":false},"author":4,"featured_media":0,"parent":0,"menu_order":0,"comment_status":"closed","ping_status":"closed","template":"","meta":{"_acf_changed":false,"footnotes":""},"class_list":["post-12755","page","type-page","status-publish","hentry"],"acf":[],"yoast_head":"<!-- This site is optimized with the Yoast SEO Premium plugin v26.7 (Yoast SEO v27.3) - https:\/\/yoast.com\/product\/yoast-seo-premium-wordpress\/ -->\n<title>Get your 10% Discount for you next booking - Rapture Surfcamps<\/title>\n<meta name=\"robots\" content=\"index, follow, max-snippet:-1, max-image-preview:large, max-video-preview:-1\" \/>\n<link rel=\"canonical\" href=\"https:\/\/www.rapturecamps.com\/de\/newsletter\/\" \/>\n<meta property=\"og:locale\" content=\"de_DE\" \/>\n<meta property=\"og:type\" content=\"article\" \/>\n<meta property=\"og:title\" content=\"Newsletter\" \/>\n<meta property=\"og:description\" content=\"RAPTURE SURFCAMPS freut sich sehr, dich in unserer liebevollen Gemeinschaft begr\u00fc\u00dfen zu d\u00fcrfen! ????Melde dich gleich hier f\u00fcr den Newsletter an und erfahre als ester \u00fcber Early Bird Rabatte order andere Neuigkeiten. &nbsp;&nbsp;Thank you for Signing Up\" \/>\n<meta property=\"og:url\" content=\"https:\/\/www.rapturecamps.com\/de\/newsletter\/\" \/>\n<meta property=\"og:site_name\" content=\"Rapture Surfcamps\" \/>\n<meta property=\"article:publisher\" content=\"https:\/\/www.facebook.com\/Rapturecamps\/\" \/>\n<meta property=\"article:modified_time\" content=\"2023-03-03T10:10:31+00:00\" \/>\n<meta property=\"og:image\" content=\"https:\/\/ecms-zcmp.maillist-manage.eu\/images\/challangeiconenable.jpg\" \/>\n<meta name=\"twitter:card\" content=\"summary_large_image\" \/>\n<meta name=\"twitter:site\" content=\"@rapturecamps\" \/>\n<meta name=\"twitter:label1\" content=\"Gesch\u00e4tzte Lesezeit\" \/>\n\t<meta name=\"twitter:data1\" content=\"1\u00a0Minute\" \/>\n<script type=\"application\/ld+json\" class=\"yoast-schema-graph\">{\"@context\":\"https:\\\/\\\/schema.org\",\"@graph\":[{\"@type\":\"WebPage\",\"@id\":\"https:\\\/\\\/www.rapturecamps.com\\\/de\\\/newsletter\\\/\",\"url\":\"https:\\\/\\\/www.rapturecamps.com\\\/de\\\/newsletter\\\/\",\"name\":\"Get your 10% Discount for you next booking - Rapture Surfcamps\",\"isPartOf\":{\"@id\":\"https:\\\/\\\/www.rapturecamps.com\\\/de\\\/#website\"},\"primaryImageOfPage\":{\"@id\":\"https:\\\/\\\/www.rapturecamps.com\\\/de\\\/newsletter\\\/#primaryimage\"},\"image\":{\"@id\":\"https:\\\/\\\/www.rapturecamps.com\\\/de\\\/newsletter\\\/#primaryimage\"},\"thumbnailUrl\":\"https:\\\/\\\/ecms-zcmp.maillist-manage.eu\\\/images\\\/challangeiconenable.jpg\",\"datePublished\":\"2022-11-07T14:21:59+00:00\",\"dateModified\":\"2023-03-03T10:10:31+00:00\",\"inLanguage\":\"de\",\"potentialAction\":[{\"@type\":\"ReadAction\",\"target\":[\"https:\\\/\\\/www.rapturecamps.com\\\/de\\\/newsletter\\\/\"]}]},{\"@type\":\"ImageObject\",\"inLanguage\":\"de\",\"@id\":\"https:\\\/\\\/www.rapturecamps.com\\\/de\\\/newsletter\\\/#primaryimage\",\"url\":\"https:\\\/\\\/ecms-zcmp.maillist-manage.eu\\\/images\\\/challangeiconenable.jpg\",\"contentUrl\":\"https:\\\/\\\/ecms-zcmp.maillist-manage.eu\\\/images\\\/challangeiconenable.jpg\"},{\"@type\":\"WebSite\",\"@id\":\"https:\\\/\\\/www.rapturecamps.com\\\/de\\\/#website\",\"url\":\"https:\\\/\\\/www.rapturecamps.com\\\/de\\\/\",\"name\":\"Rapture Surfcamps\",\"description\":\"Surfen Sie durch die Welt - Bali, Costa Rica, Nicaragua, Portugal\",\"publisher\":{\"@id\":\"https:\\\/\\\/www.rapturecamps.com\\\/de\\\/#organization\"},\"potentialAction\":[{\"@type\":\"SearchAction\",\"target\":{\"@type\":\"EntryPoint\",\"urlTemplate\":\"https:\\\/\\\/www.rapturecamps.com\\\/de\\\/?s={search_term_string}\"},\"query-input\":{\"@type\":\"PropertyValueSpecification\",\"valueRequired\":true,\"valueName\":\"search_term_string\"}}],\"inLanguage\":\"de\"},{\"@type\":\"Organization\",\"@id\":\"https:\\\/\\\/www.rapturecamps.com\\\/de\\\/#organization\",\"name\":\"Rapture Surfcamps\",\"url\":\"https:\\\/\\\/www.rapturecamps.com\\\/de\\\/\",\"logo\":{\"@type\":\"ImageObject\",\"inLanguage\":\"de\",\"@id\":\"https:\\\/\\\/www.rapturecamps.com\\\/de\\\/#\\\/schema\\\/logo\\\/image\\\/\",\"url\":\"https:\\\/\\\/www.rapturecamps.com\\\/wp-content\\\/uploads\\\/2019\\\/10\\\/Rapturecamps_logo.png\",\"contentUrl\":\"https:\\\/\\\/www.rapturecamps.com\\\/wp-content\\\/uploads\\\/2019\\\/10\\\/Rapturecamps_logo.png\",\"width\":960,\"height\":960,\"caption\":\"Rapture Surfcamps\"},\"image\":{\"@id\":\"https:\\\/\\\/www.rapturecamps.com\\\/de\\\/#\\\/schema\\\/logo\\\/image\\\/\"},\"sameAs\":[\"https:\\\/\\\/www.facebook.com\\\/Rapturecamps\\\/\",\"https:\\\/\\\/x.com\\\/rapturecamps\",\"https:\\\/\\\/www.instagram.com\\\/rapturecamps\\\/\",\"https:\\\/\\\/www.pinterest.com\\\/rapturecamps\",\"https:\\\/\\\/www.youtube.com\\\/user\\\/Rapturecamps\\\/\"]}]}<\/script>\n<!-- \/ Yoast SEO Premium plugin. -->","yoast_head_json":{"title":"Get your 10% Discount for you next booking - Rapture Surfcamps","robots":{"index":"index","follow":"follow","max-snippet":"max-snippet:-1","max-image-preview":"max-image-preview:large","max-video-preview":"max-video-preview:-1"},"canonical":"https:\/\/www.rapturecamps.com\/de\/newsletter\/","og_locale":"de_DE","og_type":"article","og_title":"Newsletter","og_description":"RAPTURE SURFCAMPS freut sich sehr, dich in unserer liebevollen Gemeinschaft begr\u00fc\u00dfen zu d\u00fcrfen! ????Melde dich gleich hier f\u00fcr den Newsletter an und erfahre als ester \u00fcber Early Bird Rabatte order andere Neuigkeiten. &nbsp;&nbsp;Thank you for Signing Up","og_url":"https:\/\/www.rapturecamps.com\/de\/newsletter\/","og_site_name":"Rapture Surfcamps","article_publisher":"https:\/\/www.facebook.com\/Rapturecamps\/","article_modified_time":"2023-03-03T10:10:31+00:00","og_image":[{"url":"https:\/\/ecms-zcmp.maillist-manage.eu\/images\/challangeiconenable.jpg","type":"","width":"","height":""}],"twitter_card":"summary_large_image","twitter_site":"@rapturecamps","twitter_misc":{"Gesch\u00e4tzte Lesezeit":"1\u00a0Minute"},"schema":{"@context":"https:\/\/schema.org","@graph":[{"@type":"WebPage","@id":"https:\/\/www.rapturecamps.com\/de\/newsletter\/","url":"https:\/\/www.rapturecamps.com\/de\/newsletter\/","name":"Get your 10% Discount for you next booking - Rapture Surfcamps","isPartOf":{"@id":"https:\/\/www.rapturecamps.com\/de\/#website"},"primaryImageOfPage":{"@id":"https:\/\/www.rapturecamps.com\/de\/newsletter\/#primaryimage"},"image":{"@id":"https:\/\/www.rapturecamps.com\/de\/newsletter\/#primaryimage"},"thumbnailUrl":"https:\/\/ecms-zcmp.maillist-manage.eu\/images\/challangeiconenable.jpg","datePublished":"2022-11-07T14:21:59+00:00","dateModified":"2023-03-03T10:10:31+00:00","inLanguage":"de","potentialAction":[{"@type":"ReadAction","target":["https:\/\/www.rapturecamps.com\/de\/newsletter\/"]}]},{"@type":"ImageObject","inLanguage":"de","@id":"https:\/\/www.rapturecamps.com\/de\/newsletter\/#primaryimage","url":"https:\/\/ecms-zcmp.maillist-manage.eu\/images\/challangeiconenable.jpg","contentUrl":"https:\/\/ecms-zcmp.maillist-manage.eu\/images\/challangeiconenable.jpg"},{"@type":"WebSite","@id":"https:\/\/www.rapturecamps.com\/de\/#website","url":"https:\/\/www.rapturecamps.com\/de\/","name":"Rapture Surfcamps","description":"Surfen Sie durch die Welt - Bali, Costa Rica, Nicaragua, Portugal","publisher":{"@id":"https:\/\/www.rapturecamps.com\/de\/#organization"},"potentialAction":[{"@type":"SearchAction","target":{"@type":"EntryPoint","urlTemplate":"https:\/\/www.rapturecamps.com\/de\/?s={search_term_string}"},"query-input":{"@type":"PropertyValueSpecification","valueRequired":true,"valueName":"search_term_string"}}],"inLanguage":"de"},{"@type":"Organization","@id":"https:\/\/www.rapturecamps.com\/de\/#organization","name":"Rapture Surfcamps","url":"https:\/\/www.rapturecamps.com\/de\/","logo":{"@type":"ImageObject","inLanguage":"de","@id":"https:\/\/www.rapturecamps.com\/de\/#\/schema\/logo\/image\/","url":"https:\/\/www.rapturecamps.com\/wp-content\/uploads\/2019\/10\/Rapturecamps_logo.png","contentUrl":"https:\/\/www.rapturecamps.com\/wp-content\/uploads\/2019\/10\/Rapturecamps_logo.png","width":960,"height":960,"caption":"Rapture Surfcamps"},"image":{"@id":"https:\/\/www.rapturecamps.com\/de\/#\/schema\/logo\/image\/"},"sameAs":["https:\/\/www.facebook.com\/Rapturecamps\/","https:\/\/x.com\/rapturecamps","https:\/\/www.instagram.com\/rapturecamps\/","https:\/\/www.pinterest.com\/rapturecamps","https:\/\/www.youtube.com\/user\/Rapturecamps\/"]}]}},"_links":{"self":[{"href":"https:\/\/www.rapturecamps.com\/de\/wp-json\/wp\/v2\/pages\/12755","targetHints":{"allow":["GET"]}}],"collection":[{"href":"https:\/\/www.rapturecamps.com\/de\/wp-json\/wp\/v2\/pages"}],"about":[{"href":"https:\/\/www.rapturecamps.com\/de\/wp-json\/wp\/v2\/types\/page"}],"author":[{"embeddable":true,"href":"https:\/\/www.rapturecamps.com\/de\/wp-json\/wp\/v2\/users\/4"}],"replies":[{"embeddable":true,"href":"https:\/\/www.rapturecamps.com\/de\/wp-json\/wp\/v2\/comments?post=12755"}],"version-history":[{"count":0,"href":"https:\/\/www.rapturecamps.com\/de\/wp-json\/wp\/v2\/pages\/12755\/revisions"}],"wp:attachment":[{"href":"https:\/\/www.rapturecamps.com\/de\/wp-json\/wp\/v2\/media?parent=12755"}],"curies":[{"name":"wp","href":"https:\/\/api.w.org\/{rel}","templated":true}]}}