{"id":12883,"date":"2023-01-11T08:25:38","date_gmt":"2023-01-11T08:25:38","guid":{"rendered":"https:\/\/www.rapturecamps.com\/?page_id=12883"},"modified":"2023-01-17T09:06:05","modified_gmt":"2023-01-17T09:06:05","slug":"workations","status":"publish","type":"page","link":"https:\/\/www.rapturecamps.com\/de\/workations\/","title":{"rendered":"Workations"},"content":{"rendered":"\n<p>Du m\u00f6chtest deine Arbeitszeiten nach dem Surfen ausrichten und deine Meetings nach den Gezeiten einteilen? Bei uns kannst du dir diesen Traum erf\u00fcllen. Mit einem Workation Aufenthalt in einem unserer Rapture Surfcamps. Damit du dir diesen perfekten Arbeitstag erf\u00fcllen kannst, gibt es lediglich wenig zu tun.<\/p>\n\n\n\t<div class=\"article-box article-box-image\">\n\t\t<img decoding=\"async\" width=\"1024\" height=\"683\" src=\"https:\/\/www.rapturecamps.com\/wp-content\/uploads\/2021\/05\/Rapturecamps-Ericeira_Sao_lourenco_group_surf-1024x683.jpg\" class=\"attachment-large size-large\" alt=\"\" srcset=\"https:\/\/www.rapturecamps.com\/wp-content\/uploads\/2021\/05\/Rapturecamps-Ericeira_Sao_lourenco_group_surf-1024x683.jpg 1024w, https:\/\/www.rapturecamps.com\/wp-content\/uploads\/2021\/05\/Rapturecamps-Ericeira_Sao_lourenco_group_surf-300x200.jpg 300w, https:\/\/www.rapturecamps.com\/wp-content\/uploads\/2021\/05\/Rapturecamps-Ericeira_Sao_lourenco_group_surf-768x512.jpg 768w, https:\/\/www.rapturecamps.com\/wp-content\/uploads\/2021\/05\/Rapturecamps-Ericeira_Sao_lourenco_group_surf.jpg 1080w\" sizes=\"(max-width: 1024px) 100vw, 1024px\" \/>\t\t<div class=\"article-box__content\">\n\t\t\t\t\t\t\t\t<h6>Unvergesslicher Surf Trip <span>Super Hot<\/span> <\/h6>\n\t\t\t\t\t\t<h3>Surf &amp; Study<\/h3>\n\t\t\t<p><span style=\"font-weight: 400\">Bereits zur Grundsteinlegung der Rapture Surfcamps in 2003 war es uns ein gro\u00dfes Anliegen, Studenten zu erm\u00f6glichen, Surfen zu lernen und einen leistbaren Surfurlaub f\u00fcr Studenten anzubieten. Das damals entstandene Angebot des Studentenpreises wird bis heute gerne und dankend angenommen. Und seien wir mal ehrlich: Eine der liebsten G\u00e4ste sind uns Studenten: locker, flockig, lernf\u00e4hig und immer f\u00fcr den n\u00e4chsten Spa\u00df zu haben.<\/span><\/p>\n\t\t\t\t\t<a href=\"https:\/\/www.rapturecamps.com\/de\/workations\/surf-study\/\" class=\"btn btn-round btn-white\">Mehr Info<\/a>\n\t\t\t\t\t<\/div>\n\t<\/div>\n\n\n\n<h2 class=\"wp-block-heading\" id=\"h-in-nur-3-schritten-zu-deiner-surf-workation1-das-passende-rapturecamp-auswahlen\">In nur 3 Schritten zu deiner Surf Workation<br><br>1. Das passende Rapturecamp ausw\u00e4hlen.<\/h2>\n\n\n\n<p>Entscheide, welche Zeitzone f\u00fcr deinen Workation-Aufenthalt in Frage kommt: Zentralamerika, Westeuropa oder Bali\/Asien und entscheide dich demnach f\u00fcr eines unserer Camps in Costa Rica oder Nicaragua, Bali oder Portugal.<\/p>\n\n\n\n<p>In Portugal bietet sich besonders unsere Surfvilla in Coxos, Ericeira ideal an. In ruhiger, gem\u00fctlicher Atmosph\u00e4re, mit Blick auf das Meer, schaffst du hier sowohl dein Arbeitspensum als auch deinen Wave-Count pro Tag.&nbsp;<\/p>\n\n\n\n<h2 class=\"wp-block-heading\" id=\"h-2-schreibe-uns-eine-buchungsanfrage\">2. Schreibe uns eine Buchungsanfrage<\/h2>\n\n\n\n<p>Mit einer Buchungsanfrage k\u00f6nnen wir dir helfen, deinen Anspr\u00fcchen gerecht zu werden. Schnelles Internet, Angebote zum Mittagessen, ein eigener Schreibtisch? Lass uns wissen, was deine Anforderungen sind und f\u00fcr welchen Zeitraum du deinen Aufenthalt buchen m\u00f6chtest.<\/p>\n\n\n\n<h2 class=\"wp-block-heading\" id=\"h-3-reiche-deinen-workation-antrag-ein-und-buche-deinen-flug\">3. Reiche deinen Workation Antrag ein und buche deinen Flug<\/h2>\n\n\n\n<p>Dein Zimmer ist verf\u00fcgbar und die Motivation ist hoch: nun hei\u00dft es noch deinen Vorgesetzten \u00fcberzeugen und Flug buchen. Wir freuen uns, dich in einem unserer Rapturecamps willkommen zu hei\u00dfen.&nbsp;<\/p>\n","protected":false},"excerpt":{"rendered":"<p>Du m\u00f6chtest deine Arbeitszeiten nach dem Surfen ausrichten und deine Meetings nach den Gezeiten einteilen? Bei uns kannst du dir diesen Traum erf\u00fcllen. Mit einem Workation Aufenthalt in einem unserer Rapture Surfcamps. Damit du dir diesen perfekten Arbeitstag erf\u00fcllen kannst, gibt es lediglich wenig zu tun. In nur 3 Schritten zu deiner Surf Workation 1. [&hellip;]<\/p>\n","protected":false},"author":4,"featured_media":0,"parent":0,"menu_order":0,"comment_status":"closed","ping_status":"closed","template":"","meta":{"_acf_changed":false,"footnotes":""},"class_list":["post-12883","page","type-page","status-publish","hentry"],"acf":[],"yoast_head":"<!-- This site is optimized with the Yoast SEO Premium plugin v26.7 (Yoast SEO v27.3) - https:\/\/yoast.com\/product\/yoast-seo-premium-wordpress\/ -->\n<title>Workations - Rapture Surfcamps<\/title>\n<meta name=\"robots\" content=\"index, follow, max-snippet:-1, max-image-preview:large, max-video-preview:-1\" \/>\n<link rel=\"canonical\" href=\"https:\/\/www.rapturecamps.com\/de\/workations\/\" \/>\n<meta property=\"og:locale\" content=\"de_DE\" \/>\n<meta property=\"og:type\" content=\"article\" \/>\n<meta property=\"og:title\" content=\"Workations\" \/>\n<meta property=\"og:description\" content=\"Du m\u00f6chtest deine Arbeitszeiten nach dem Surfen ausrichten und deine Meetings nach den Gezeiten einteilen? Bei uns kannst du dir diesen Traum erf\u00fcllen. Mit einem Workation Aufenthalt in einem unserer Rapture Surfcamps. Damit du dir diesen perfekten Arbeitstag erf\u00fcllen kannst, gibt es lediglich wenig zu tun. In nur 3 Schritten zu deiner Surf Workation 1. [&hellip;]\" \/>\n<meta property=\"og:url\" content=\"https:\/\/www.rapturecamps.com\/de\/workations\/\" \/>\n<meta property=\"og:site_name\" content=\"Rapture Surfcamps\" \/>\n<meta property=\"article:publisher\" content=\"https:\/\/www.facebook.com\/Rapturecamps\/\" \/>\n<meta property=\"article:modified_time\" content=\"2023-01-17T09:06:05+00:00\" \/>\n<meta name=\"twitter:card\" content=\"summary_large_image\" \/>\n<meta name=\"twitter:site\" content=\"@rapturecamps\" \/>\n<meta name=\"twitter:label1\" content=\"Gesch\u00e4tzte Lesezeit\" \/>\n\t<meta name=\"twitter:data1\" content=\"1\u00a0Minute\" \/>\n<script type=\"application\/ld+json\" class=\"yoast-schema-graph\">{\"@context\":\"https:\\\/\\\/schema.org\",\"@graph\":[{\"@type\":\"WebPage\",\"@id\":\"https:\\\/\\\/www.rapturecamps.com\\\/de\\\/workations\\\/\",\"url\":\"https:\\\/\\\/www.rapturecamps.com\\\/de\\\/workations\\\/\",\"name\":\"Workations - Rapture Surfcamps\",\"isPartOf\":{\"@id\":\"https:\\\/\\\/www.rapturecamps.com\\\/de\\\/#website\"},\"datePublished\":\"2023-01-11T08:25:38+00:00\",\"dateModified\":\"2023-01-17T09:06:05+00:00\",\"inLanguage\":\"de\",\"potentialAction\":[{\"@type\":\"ReadAction\",\"target\":[\"https:\\\/\\\/www.rapturecamps.com\\\/de\\\/workations\\\/\"]}]},{\"@type\":\"WebSite\",\"@id\":\"https:\\\/\\\/www.rapturecamps.com\\\/de\\\/#website\",\"url\":\"https:\\\/\\\/www.rapturecamps.com\\\/de\\\/\",\"name\":\"Rapture Surfcamps\",\"description\":\"Surfen Sie durch die Welt - Bali, Costa Rica, Nicaragua, Portugal\",\"publisher\":{\"@id\":\"https:\\\/\\\/www.rapturecamps.com\\\/de\\\/#organization\"},\"potentialAction\":[{\"@type\":\"SearchAction\",\"target\":{\"@type\":\"EntryPoint\",\"urlTemplate\":\"https:\\\/\\\/www.rapturecamps.com\\\/de\\\/?s={search_term_string}\"},\"query-input\":{\"@type\":\"PropertyValueSpecification\",\"valueRequired\":true,\"valueName\":\"search_term_string\"}}],\"inLanguage\":\"de\"},{\"@type\":\"Organization\",\"@id\":\"https:\\\/\\\/www.rapturecamps.com\\\/de\\\/#organization\",\"name\":\"Rapture Surfcamps\",\"url\":\"https:\\\/\\\/www.rapturecamps.com\\\/de\\\/\",\"logo\":{\"@type\":\"ImageObject\",\"inLanguage\":\"de\",\"@id\":\"https:\\\/\\\/www.rapturecamps.com\\\/de\\\/#\\\/schema\\\/logo\\\/image\\\/\",\"url\":\"https:\\\/\\\/www.rapturecamps.com\\\/wp-content\\\/uploads\\\/2019\\\/10\\\/Rapturecamps_logo.png\",\"contentUrl\":\"https:\\\/\\\/www.rapturecamps.com\\\/wp-content\\\/uploads\\\/2019\\\/10\\\/Rapturecamps_logo.png\",\"width\":960,\"height\":960,\"caption\":\"Rapture Surfcamps\"},\"image\":{\"@id\":\"https:\\\/\\\/www.rapturecamps.com\\\/de\\\/#\\\/schema\\\/logo\\\/image\\\/\"},\"sameAs\":[\"https:\\\/\\\/www.facebook.com\\\/Rapturecamps\\\/\",\"https:\\\/\\\/x.com\\\/rapturecamps\",\"https:\\\/\\\/www.instagram.com\\\/rapturecamps\\\/\",\"https:\\\/\\\/www.pinterest.com\\\/rapturecamps\",\"https:\\\/\\\/www.youtube.com\\\/user\\\/Rapturecamps\\\/\"]}]}<\/script>\n<!-- \/ Yoast SEO Premium plugin. -->","yoast_head_json":{"title":"Workations - Rapture Surfcamps","robots":{"index":"index","follow":"follow","max-snippet":"max-snippet:-1","max-image-preview":"max-image-preview:large","max-video-preview":"max-video-preview:-1"},"canonical":"https:\/\/www.rapturecamps.com\/de\/workations\/","og_locale":"de_DE","og_type":"article","og_title":"Workations","og_description":"Du m\u00f6chtest deine Arbeitszeiten nach dem Surfen ausrichten und deine Meetings nach den Gezeiten einteilen? Bei uns kannst du dir diesen Traum erf\u00fcllen. Mit einem Workation Aufenthalt in einem unserer Rapture Surfcamps. Damit du dir diesen perfekten Arbeitstag erf\u00fcllen kannst, gibt es lediglich wenig zu tun. In nur 3 Schritten zu deiner Surf Workation 1. [&hellip;]","og_url":"https:\/\/www.rapturecamps.com\/de\/workations\/","og_site_name":"Rapture Surfcamps","article_publisher":"https:\/\/www.facebook.com\/Rapturecamps\/","article_modified_time":"2023-01-17T09:06:05+00:00","twitter_card":"summary_large_image","twitter_site":"@rapturecamps","twitter_misc":{"Gesch\u00e4tzte Lesezeit":"1\u00a0Minute"},"schema":{"@context":"https:\/\/schema.org","@graph":[{"@type":"WebPage","@id":"https:\/\/www.rapturecamps.com\/de\/workations\/","url":"https:\/\/www.rapturecamps.com\/de\/workations\/","name":"Workations - Rapture Surfcamps","isPartOf":{"@id":"https:\/\/www.rapturecamps.com\/de\/#website"},"datePublished":"2023-01-11T08:25:38+00:00","dateModified":"2023-01-17T09:06:05+00:00","inLanguage":"de","potentialAction":[{"@type":"ReadAction","target":["https:\/\/www.rapturecamps.com\/de\/workations\/"]}]},{"@type":"WebSite","@id":"https:\/\/www.rapturecamps.com\/de\/#website","url":"https:\/\/www.rapturecamps.com\/de\/","name":"Rapture Surfcamps","description":"Surfen Sie durch die Welt - Bali, Costa Rica, Nicaragua, Portugal","publisher":{"@id":"https:\/\/www.rapturecamps.com\/de\/#organization"},"potentialAction":[{"@type":"SearchAction","target":{"@type":"EntryPoint","urlTemplate":"https:\/\/www.rapturecamps.com\/de\/?s={search_term_string}"},"query-input":{"@type":"PropertyValueSpecification","valueRequired":true,"valueName":"search_term_string"}}],"inLanguage":"de"},{"@type":"Organization","@id":"https:\/\/www.rapturecamps.com\/de\/#organization","name":"Rapture Surfcamps","url":"https:\/\/www.rapturecamps.com\/de\/","logo":{"@type":"ImageObject","inLanguage":"de","@id":"https:\/\/www.rapturecamps.com\/de\/#\/schema\/logo\/image\/","url":"https:\/\/www.rapturecamps.com\/wp-content\/uploads\/2019\/10\/Rapturecamps_logo.png","contentUrl":"https:\/\/www.rapturecamps.com\/wp-content\/uploads\/2019\/10\/Rapturecamps_logo.png","width":960,"height":960,"caption":"Rapture Surfcamps"},"image":{"@id":"https:\/\/www.rapturecamps.com\/de\/#\/schema\/logo\/image\/"},"sameAs":["https:\/\/www.facebook.com\/Rapturecamps\/","https:\/\/x.com\/rapturecamps","https:\/\/www.instagram.com\/rapturecamps\/","https:\/\/www.pinterest.com\/rapturecamps","https:\/\/www.youtube.com\/user\/Rapturecamps\/"]}]}},"_links":{"self":[{"href":"https:\/\/www.rapturecamps.com\/de\/wp-json\/wp\/v2\/pages\/12883","targetHints":{"allow":["GET"]}}],"collection":[{"href":"https:\/\/www.rapturecamps.com\/de\/wp-json\/wp\/v2\/pages"}],"about":[{"href":"https:\/\/www.rapturecamps.com\/de\/wp-json\/wp\/v2\/types\/page"}],"author":[{"embeddable":true,"href":"https:\/\/www.rapturecamps.com\/de\/wp-json\/wp\/v2\/users\/4"}],"replies":[{"embeddable":true,"href":"https:\/\/www.rapturecamps.com\/de\/wp-json\/wp\/v2\/comments?post=12883"}],"version-history":[{"count":0,"href":"https:\/\/www.rapturecamps.com\/de\/wp-json\/wp\/v2\/pages\/12883\/revisions"}],"wp:attachment":[{"href":"https:\/\/www.rapturecamps.com\/de\/wp-json\/wp\/v2\/media?parent=12883"}],"curies":[{"name":"wp","href":"https:\/\/api.w.org\/{rel}","templated":true}]}}