{"id":12885,"date":"2023-01-11T08:42:01","date_gmt":"2023-01-11T08:42:01","guid":{"rendered":"https:\/\/www.rapturecamps.com\/?page_id=12885"},"modified":"2023-09-20T09:54:07","modified_gmt":"2023-09-20T09:54:07","slug":"surf-study","status":"publish","type":"page","link":"https:\/\/www.rapturecamps.com\/de\/workations\/surf-study\/","title":{"rendered":"Surf &#038; Study bei Rapturecamps"},"content":{"rendered":"\n<p>Bereits zur Grundsteinlegung der Rapture Surfcamps in 2003 war es uns ein gro\u00dfes Anliegen, Studenten zu erm\u00f6glichen, Surfen zu lernen und einen leistbaren Surfurlaub f\u00fcr Studenten anzubieten. Das damals entstandene Angebot des Studentenpreises wird bis heute gerne und dankend angenommen. Und seien wir mal ehrlich: Eine der liebsten G\u00e4ste sind uns Studenten: locker, flockig, lernf\u00e4hig und immer f\u00fcr den n\u00e4chsten Spa\u00df zu haben.<\/p>\n\n\n\n<div data-verify-src=\"https:\/\/verify.iamstudent.com\/at\/rapture-surfcamps\" id=\"iam-verify\" class=\"iam-verify\"><\/div>\n                        <script>\n                    (function (d, s, id) {\n                        var js, fjs = d.getElementsByTagName(s)[0];\n                        if (d.getElementById(id)) return;\n                        js = d.createElement(s);\n                        js.id = id;\n                        js.src = \"https:\/\/cdn.iamstudent.com\/assets\/js\/iamstudent.verify.min.js\";\n                        fjs.parentNode.insertBefore(js, fjs);\n                    }(document, 'script', 'iam-jssdk'));\n                <\/script>\n\n\n\n<h2 class=\"wp-block-heading\" id=\"h-so-nutzt-du-die-rapture-surfcamps-studentenrabatte\">So nutzt du die Rapture Surfcamps Studentenrabatte:<\/h2>\n\n\n\n<p>Damit du die exklusiven Rapture Surfcamps Gutscheine f\u00fcr Studierende nutzen kannst, erfolgt die Verifizierung (\u00dcberpr\u00fcfung als StudentIn) \u00fcber unseren Partner&nbsp;<a href=\"https:\/\/www.iamstudent.at\/\">iamstudent.at<\/a>.<\/p>\n\n\n\n<ol class=\"wp-block-list\" type=\"1\">\n<li>Um den Studentenrabatt zu nutzen, klicke einfach auf \u201eVIA IAMSTUDENT ANMELDEN\u201d. Bist du bereits Mitglied bei <a href=\"https:\/\/www.iamstudent.at\/\">iamstudent.at<\/a>, logge dich mit deinem bestehenden Account ein.<\/li>\n\n\n\n<li>Hast du noch keinen aktivierten und verifizierten iamstudent Account, kannst du diesen nun erstellen.<\/li>\n\n\n\n<li>Die Nutzung von iamstudent ist mit keinerlei Kosten verbunden.<\/li>\n<\/ol>\n\n\n\n<p>Nach erfolgreicher Verifizierung durch iamstudent erh\u00e4ltst du nicht nur Zugriff auf die Studentenangebote von Rapture Surfcamps, sondern auch auf alle weiteren Studentenrabatte und Gewinnspiele auf <a href=\"https:\/\/www.iamstudent.at\/\">iamstudent.at<\/a>.<\/p>\n\n\n\t<div class=\"video-wrapper\">\n\t\t<iframe title=\"IamStudent - 2023 Video\" src=\"https:\/\/fast.wistia.net\/embed\/iframe\/d3dkkq85qv?dnt=1\" allow=\"autoplay; fullscreen\" allowtransparency=\"true\" frameborder=\"0\" scrolling=\"no\" class=\"wistia_embed\" name=\"wistia_embed\" msallowfullscreen width=\"640\" height=\"360\"><\/iframe><script src=\"https:\/\/fast.wistia.net\/assets\/external\/E-v1.js\" async><\/script>\t<\/div>\n\n\n\n<p><\/p>\n\n\n\n<h2 class=\"wp-block-heading\" id=\"h-die-tollsten-ferien-deines-lebens\">Die tollsten Ferien deines Lebens<\/h2>\n\n\n\n<p>Bei Rapturecamps verbringst du deine Ferien nicht nur in den sch\u00f6nsten Ecken dieser Erde. Du surfst au\u00dferdem die besten Wellen und lernst zudem die Kultur vor Ort kennen. Bei Rapturecamps genie\u00dft du nahrhaftes, leckeres Essen, verbringst t\u00e4glich Zeit im und am Meer und wir versichern dir: langweilig wird dir garantiert nie! Tagesausfl\u00fcge und Abendaktivit\u00e4ten werden dich, nebst dem Surfen, abends ersch\u00f6pft und gl\u00fccklich ins Bett fallen lassen. Und falls du noch nicht m\u00fcde bist, findet sich sicherlich jemand, der die Nacht mit dir zum Tag werden l\u00e4sst.&nbsp;<\/p>\n\n\n\n<h2 class=\"wp-block-heading\" id=\"h-rapturecamps-dein-home-away-from-home\">Rapturecamps: Dein Home away from Home<\/h2>\n\n\n\n<p>Unsere G\u00e4ste wollen vor allem eines: nie wieder weg und sofort wieder buchen. Deshalb bieten wir einen speziellen Wiederkehrer-Rabatt an. Warst du einmal in einem unserer Camps, genie\u00dft du diesen Rabatt auf jede weitere Buchung. Egal, f\u00fcr welches Rapture Surfcamp du dich f\u00fcr deine n\u00e4chsten Ferien entscheidest: Portugal, Costa Rica, Nicaragua oder Bali? Du hast die Qual der Wahl!<\/p>\n\n\n\n<p><\/p>\n","protected":false},"excerpt":{"rendered":"<p>Bereits zur Grundsteinlegung der Rapture Surfcamps in 2003 war es uns ein gro\u00dfes Anliegen, Studenten zu erm\u00f6glichen, Surfen zu lernen und einen leistbaren Surfurlaub f\u00fcr Studenten anzubieten. Das damals entstandene Angebot des Studentenpreises wird bis heute gerne und dankend angenommen. Und seien wir mal ehrlich: Eine der liebsten G\u00e4ste sind uns Studenten: locker, flockig, lernf\u00e4hig [&hellip;]<\/p>\n","protected":false},"author":4,"featured_media":0,"parent":12883,"menu_order":0,"comment_status":"closed","ping_status":"closed","template":"","meta":{"_acf_changed":false,"footnotes":""},"class_list":["post-12885","page","type-page","status-publish","hentry"],"acf":[],"yoast_head":"<!-- This site is optimized with the Yoast SEO Premium plugin v26.7 (Yoast SEO v27.4) - https:\/\/yoast.com\/product\/yoast-seo-premium-wordpress\/ -->\n<title>Surf &amp; Study bei Rapturecamps - Rapture Surfcamps<\/title>\n<meta name=\"description\" content=\"Entdecke Surf&amp;Study bei Rapturecamps: Kombiniere Studieren mit passioniertem Surfen. Perfekt f\u00fcr alle, die Arbeit und Studieren verbinden m\u00f6chten.\" \/>\n<meta name=\"robots\" content=\"index, follow, max-snippet:-1, max-image-preview:large, max-video-preview:-1\" \/>\n<link rel=\"canonical\" href=\"https:\/\/www.rapturecamps.com\/de\/workations\/surf-study\/\" \/>\n<meta property=\"og:locale\" content=\"de_DE\" \/>\n<meta property=\"og:type\" content=\"article\" \/>\n<meta property=\"og:title\" content=\"Surf &amp; Study bei Rapturecamps\" \/>\n<meta property=\"og:description\" content=\"Entdecke Surf&amp;Study bei Rapturecamps: Kombiniere Studieren mit passioniertem Surfen. Perfekt f\u00fcr alle, die Arbeit und Studieren verbinden m\u00f6chten.\" \/>\n<meta property=\"og:url\" content=\"https:\/\/www.rapturecamps.com\/de\/workations\/surf-study\/\" \/>\n<meta property=\"og:site_name\" content=\"Rapture Surfcamps\" \/>\n<meta property=\"article:publisher\" content=\"https:\/\/www.facebook.com\/Rapturecamps\/\" \/>\n<meta property=\"article:modified_time\" content=\"2023-09-20T09:54:07+00:00\" \/>\n<meta name=\"twitter:card\" content=\"summary_large_image\" \/>\n<meta name=\"twitter:site\" content=\"@rapturecamps\" \/>\n<meta name=\"twitter:label1\" content=\"Gesch\u00e4tzte Lesezeit\" \/>\n\t<meta name=\"twitter:data1\" content=\"2\u00a0Minuten\" \/>\n<script type=\"application\/ld+json\" class=\"yoast-schema-graph\">{\"@context\":\"https:\\\/\\\/schema.org\",\"@graph\":[{\"@type\":\"WebPage\",\"@id\":\"https:\\\/\\\/www.rapturecamps.com\\\/de\\\/workations\\\/surf-study\\\/\",\"url\":\"https:\\\/\\\/www.rapturecamps.com\\\/de\\\/workations\\\/surf-study\\\/\",\"name\":\"Surf & Study bei Rapturecamps - Rapture Surfcamps\",\"isPartOf\":{\"@id\":\"https:\\\/\\\/www.rapturecamps.com\\\/de\\\/#website\"},\"datePublished\":\"2023-01-11T08:42:01+00:00\",\"dateModified\":\"2023-09-20T09:54:07+00:00\",\"description\":\"Entdecke Surf&Study bei Rapturecamps: Kombiniere Studieren mit passioniertem Surfen. Perfekt f\u00fcr alle, die Arbeit und Studieren verbinden m\u00f6chten.\",\"breadcrumb\":{\"@id\":\"https:\\\/\\\/www.rapturecamps.com\\\/de\\\/workations\\\/surf-study\\\/#breadcrumb\"},\"inLanguage\":\"de\",\"potentialAction\":[{\"@type\":\"ReadAction\",\"target\":[\"https:\\\/\\\/www.rapturecamps.com\\\/de\\\/workations\\\/surf-study\\\/\"]}]},{\"@type\":\"BreadcrumbList\",\"@id\":\"https:\\\/\\\/www.rapturecamps.com\\\/de\\\/workations\\\/surf-study\\\/#breadcrumb\",\"itemListElement\":[{\"@type\":\"ListItem\",\"position\":1,\"name\":\"Workations\",\"item\":\"https:\\\/\\\/www.rapturecamps.com\\\/de\\\/workations\\\/\"},{\"@type\":\"ListItem\",\"position\":2,\"name\":\"Surf &#038; Study bei Rapturecamps\"}]},{\"@type\":\"WebSite\",\"@id\":\"https:\\\/\\\/www.rapturecamps.com\\\/de\\\/#website\",\"url\":\"https:\\\/\\\/www.rapturecamps.com\\\/de\\\/\",\"name\":\"Rapture Surfcamps\",\"description\":\"Surfen Sie durch die Welt - Bali, Costa Rica, Nicaragua, Portugal\",\"publisher\":{\"@id\":\"https:\\\/\\\/www.rapturecamps.com\\\/de\\\/#organization\"},\"potentialAction\":[{\"@type\":\"SearchAction\",\"target\":{\"@type\":\"EntryPoint\",\"urlTemplate\":\"https:\\\/\\\/www.rapturecamps.com\\\/de\\\/?s={search_term_string}\"},\"query-input\":{\"@type\":\"PropertyValueSpecification\",\"valueRequired\":true,\"valueName\":\"search_term_string\"}}],\"inLanguage\":\"de\"},{\"@type\":\"Organization\",\"@id\":\"https:\\\/\\\/www.rapturecamps.com\\\/de\\\/#organization\",\"name\":\"Rapture Surfcamps\",\"url\":\"https:\\\/\\\/www.rapturecamps.com\\\/de\\\/\",\"logo\":{\"@type\":\"ImageObject\",\"inLanguage\":\"de\",\"@id\":\"https:\\\/\\\/www.rapturecamps.com\\\/de\\\/#\\\/schema\\\/logo\\\/image\\\/\",\"url\":\"https:\\\/\\\/www.rapturecamps.com\\\/wp-content\\\/uploads\\\/2019\\\/10\\\/Rapturecamps_logo.png\",\"contentUrl\":\"https:\\\/\\\/www.rapturecamps.com\\\/wp-content\\\/uploads\\\/2019\\\/10\\\/Rapturecamps_logo.png\",\"width\":960,\"height\":960,\"caption\":\"Rapture Surfcamps\"},\"image\":{\"@id\":\"https:\\\/\\\/www.rapturecamps.com\\\/de\\\/#\\\/schema\\\/logo\\\/image\\\/\"},\"sameAs\":[\"https:\\\/\\\/www.facebook.com\\\/Rapturecamps\\\/\",\"https:\\\/\\\/x.com\\\/rapturecamps\",\"https:\\\/\\\/www.instagram.com\\\/rapturecamps\\\/\",\"https:\\\/\\\/www.pinterest.com\\\/rapturecamps\",\"https:\\\/\\\/www.youtube.com\\\/user\\\/Rapturecamps\\\/\"]}]}<\/script>\n<!-- \/ Yoast SEO Premium plugin. -->","yoast_head_json":{"title":"Surf & Study bei Rapturecamps - Rapture Surfcamps","description":"Entdecke Surf&Study bei Rapturecamps: Kombiniere Studieren mit passioniertem Surfen. Perfekt f\u00fcr alle, die Arbeit und Studieren verbinden m\u00f6chten.","robots":{"index":"index","follow":"follow","max-snippet":"max-snippet:-1","max-image-preview":"max-image-preview:large","max-video-preview":"max-video-preview:-1"},"canonical":"https:\/\/www.rapturecamps.com\/de\/workations\/surf-study\/","og_locale":"de_DE","og_type":"article","og_title":"Surf & Study bei Rapturecamps","og_description":"Entdecke Surf&Study bei Rapturecamps: Kombiniere Studieren mit passioniertem Surfen. Perfekt f\u00fcr alle, die Arbeit und Studieren verbinden m\u00f6chten.","og_url":"https:\/\/www.rapturecamps.com\/de\/workations\/surf-study\/","og_site_name":"Rapture Surfcamps","article_publisher":"https:\/\/www.facebook.com\/Rapturecamps\/","article_modified_time":"2023-09-20T09:54:07+00:00","twitter_card":"summary_large_image","twitter_site":"@rapturecamps","twitter_misc":{"Gesch\u00e4tzte Lesezeit":"2\u00a0Minuten"},"schema":{"@context":"https:\/\/schema.org","@graph":[{"@type":"WebPage","@id":"https:\/\/www.rapturecamps.com\/de\/workations\/surf-study\/","url":"https:\/\/www.rapturecamps.com\/de\/workations\/surf-study\/","name":"Surf & Study bei Rapturecamps - Rapture Surfcamps","isPartOf":{"@id":"https:\/\/www.rapturecamps.com\/de\/#website"},"datePublished":"2023-01-11T08:42:01+00:00","dateModified":"2023-09-20T09:54:07+00:00","description":"Entdecke Surf&Study bei Rapturecamps: Kombiniere Studieren mit passioniertem Surfen. Perfekt f\u00fcr alle, die Arbeit und Studieren verbinden m\u00f6chten.","breadcrumb":{"@id":"https:\/\/www.rapturecamps.com\/de\/workations\/surf-study\/#breadcrumb"},"inLanguage":"de","potentialAction":[{"@type":"ReadAction","target":["https:\/\/www.rapturecamps.com\/de\/workations\/surf-study\/"]}]},{"@type":"BreadcrumbList","@id":"https:\/\/www.rapturecamps.com\/de\/workations\/surf-study\/#breadcrumb","itemListElement":[{"@type":"ListItem","position":1,"name":"Workations","item":"https:\/\/www.rapturecamps.com\/de\/workations\/"},{"@type":"ListItem","position":2,"name":"Surf &#038; Study bei Rapturecamps"}]},{"@type":"WebSite","@id":"https:\/\/www.rapturecamps.com\/de\/#website","url":"https:\/\/www.rapturecamps.com\/de\/","name":"Rapture Surfcamps","description":"Surfen Sie durch die Welt - Bali, Costa Rica, Nicaragua, Portugal","publisher":{"@id":"https:\/\/www.rapturecamps.com\/de\/#organization"},"potentialAction":[{"@type":"SearchAction","target":{"@type":"EntryPoint","urlTemplate":"https:\/\/www.rapturecamps.com\/de\/?s={search_term_string}"},"query-input":{"@type":"PropertyValueSpecification","valueRequired":true,"valueName":"search_term_string"}}],"inLanguage":"de"},{"@type":"Organization","@id":"https:\/\/www.rapturecamps.com\/de\/#organization","name":"Rapture Surfcamps","url":"https:\/\/www.rapturecamps.com\/de\/","logo":{"@type":"ImageObject","inLanguage":"de","@id":"https:\/\/www.rapturecamps.com\/de\/#\/schema\/logo\/image\/","url":"https:\/\/www.rapturecamps.com\/wp-content\/uploads\/2019\/10\/Rapturecamps_logo.png","contentUrl":"https:\/\/www.rapturecamps.com\/wp-content\/uploads\/2019\/10\/Rapturecamps_logo.png","width":960,"height":960,"caption":"Rapture Surfcamps"},"image":{"@id":"https:\/\/www.rapturecamps.com\/de\/#\/schema\/logo\/image\/"},"sameAs":["https:\/\/www.facebook.com\/Rapturecamps\/","https:\/\/x.com\/rapturecamps","https:\/\/www.instagram.com\/rapturecamps\/","https:\/\/www.pinterest.com\/rapturecamps","https:\/\/www.youtube.com\/user\/Rapturecamps\/"]}]}},"_links":{"self":[{"href":"https:\/\/www.rapturecamps.com\/de\/wp-json\/wp\/v2\/pages\/12885","targetHints":{"allow":["GET"]}}],"collection":[{"href":"https:\/\/www.rapturecamps.com\/de\/wp-json\/wp\/v2\/pages"}],"about":[{"href":"https:\/\/www.rapturecamps.com\/de\/wp-json\/wp\/v2\/types\/page"}],"author":[{"embeddable":true,"href":"https:\/\/www.rapturecamps.com\/de\/wp-json\/wp\/v2\/users\/4"}],"replies":[{"embeddable":true,"href":"https:\/\/www.rapturecamps.com\/de\/wp-json\/wp\/v2\/comments?post=12885"}],"version-history":[{"count":0,"href":"https:\/\/www.rapturecamps.com\/de\/wp-json\/wp\/v2\/pages\/12885\/revisions"}],"up":[{"embeddable":true,"href":"https:\/\/www.rapturecamps.com\/de\/wp-json\/wp\/v2\/pages\/12883"}],"wp:attachment":[{"href":"https:\/\/www.rapturecamps.com\/de\/wp-json\/wp\/v2\/media?parent=12885"}],"curies":[{"name":"wp","href":"https:\/\/api.w.org\/{rel}","templated":true}]}}