{"id":1543,"date":"2018-11-08T10:37:44","date_gmt":"2018-11-08T10:37:44","guid":{"rendered":"https:\/\/www.rapturecamps.com\/?page_id=1543"},"modified":"2022-06-16T17:31:14","modified_gmt":"2022-06-16T17:31:14","slug":"ueber-uns","status":"publish","type":"page","link":"https:\/\/www.rapturecamps.com\/de\/ueber-uns\/","title":{"rendered":"\u00dcber Uns"},"content":{"rendered":"<p>F\u00fcr das restliche Leben gute Wellen surfen. Das ist der Traum aller Surfer.<\/p>\n<p>Im Winter 2003\/2004 trafen sich zwei sehr unterschiedliche Menschen w\u00e4hrend ihrem Urlaub in Nordafrika. Sie hatten eines gemeinsam: die Liebe zum Surfen. Es verband sie aber auch der Lebensstil, der mit dem Surfen einher geht. Die Liebe zum Reisen, Abenteuer und verschiedene Kulturen. All das, was mit der Suche nach neuen Orten zum Surfen in fernen L\u00e4ndern verbunden ist.<\/p>\n<p>Einer der beiden stammte aus Australien, der Hochburg des modernen Surfens. Er war geboren und aufgewachsen mit dem Meer direkt vor seiner T\u00fcr. Bereits in jungen Jahren begann er zu surfen. Nahm an Wettbewerben teil, und wurde schlie\u00dflich zu einem der Top-Surf-Fotografen Sydneys. Sp\u00e4ter wurde er einer von Portugals angesehensten Big-Wave-Wasser-Fotografen.<\/p>\n<p>Der Andere stammte aus \u00d6sterreich, einem von allen Seiten umschlossenen Land. Ohne das Meer in der N\u00e4he, waren seine Nachmittage und Wochenenden schon im fr\u00fchen Alter vom Snowboarden im Winter und Wakeboarden im Sommer gepr\u00e4gt. Erst sp\u00e4ter im Leben wurde er mit der Liebe zum Surfen gesegnet. Die gleiche Liebe, die so viele von uns miteinander verbindet. Er verfolgte seine neue Leidenschaft bei jeder Gelegenheit.<\/p>\n<h2>Rapture Surfcamps &#8211; ein Netzwerk von Surfcamps<\/h2>\n<p>Jeder ein Unternehmer. Ein zuf\u00e4lliges Treffen beim Surfen und Reisen in Marokko f\u00fchrte dazu, dass die beiden ihre K\u00f6pfe zusammensteckten, um einen Weg zu finden, ihren Traum zu ralisieren:\u00a0 F\u00fcr den Rest ihres Lebens Wellen zu surfen.\u00a0 In diesem Moment wurde Rapturecamps geboren.<\/p>\n<h2>Marokko &#8211; ein guter Ort um zu bleiben &amp; surfen<\/h2>\n<p>Bewaffnet mit Wissen in den Bereich Business und Online, brachen sie Ende des darauffolgenden Sommers auf nach Marokko. Ein einen Lieferwagen mit Vorr\u00e4ten f\u00fcr 6 Monate wurde gepackt und auf ging es, Richtung S\u00fcden. Das erste Camp wurde in einem gro\u00dfen Haus in ruhiger und friedlicher Lage in der N\u00e4he des ber\u00fchmten, lebhaften Dorfes Taghazout eingerichtet. In einem Dorf namens Tamraght trafen sie Fatiha und Youssef (beide noch im Camp), die ma\u00dfgeblich daran beteiligt waren, dort die Hochburg des ersten Surfcamps zu errichten.<\/p>\n<p>Die Gr\u00fcnder von Rapture Camps hatten einen einfachen Plan. Wir errichten Surfcamps, die sicher und einfach zu erreichen sind, in exotischen L\u00e4ndern liegen und f\u00fcr alle erschwinglich sind. Dies w\u00fcrde ihnen wiederum die M\u00f6glichkeit geben, h\u00e4ufiger zu surfen.<\/p>\n<h4>Was unterscheidet Rapture Camps von anderen Unternehmen?<\/h4>\n<p>Geld war nie das Ziel. Im Mittelpunkt stand seit jeher und steht immer noch der Glaube an einen gl\u00fccklichen Lebensstil. Und die Liebe zum Surfen, die sie stehts vorantreibt.<\/p>\n<h2>Surfcamps in Bali und Portugal<\/h2>\n<p>Nach der ersten Surf-Saison in Marokko (2004\/2005) reisten die Beiden nach Bali und Portugal und starteten zwei weitere Camps: eines in <a href=\"https:\/\/www.rapturecamps.com\/surfcamp\/bali\/\">Padang Padang<\/a> an der Ostk\u00fcste Balis legend\u00e4rer Bukit-Halbinsel; das andere in <a href=\"https:\/\/www.rapturecamps.com\/surfcamp\/portugal\/ericeira-lizandro\/\">Ericeira<\/a>, Europas erstem und einzigen World Surfing Reserve.<\/p>\n<p>Die Gr\u00fcnder von Rapture Camps hatten eine Menge Hilfe dabei und werden das nie vergessen.<\/p>\n<p>Wir m\u00f6chten unseren Freunden und unserer Familie aus Australien und \u00d6sterreich danken, die uns auf jede erdenkliche Weise unterst\u00fctzt haben. Und all den anderen, die wir auf diesem Weg getroffen haben. Ein gro\u00dfes Dankesch\u00f6n gilt jenen, die mit der Verwaltung der Camps, der Beschaffung von Fahrzeugen und nat\u00fcrlich dem Unterrichten von Surfkursen geholfen haben (und immer noch tun).<\/p>\n<p>Hoffentlich siehst du nach dem Lesen der Geschichte hinter Rapturecamps so, wie wir es sehen: als ein Zuhause dieser beiden Freunde und nicht als ein weiteres Surfcamp.<\/p>\n","protected":false},"excerpt":{"rendered":"<p>F\u00fcr das restliche Leben gute Wellen surfen. Das ist der Traum aller Surfer. Im Winter 2003\/2004 trafen sich zwei sehr unterschiedliche Menschen w\u00e4hrend ihrem Urlaub in Nordafrika. Sie hatten eines gemeinsam: die Liebe zum Surfen. Es verband sie aber auch der Lebensstil, der mit dem Surfen einher geht. Die Liebe zum Reisen, Abenteuer und verschiedene [&hellip;]<\/p>\n","protected":false},"author":5,"featured_media":4769,"parent":0,"menu_order":3,"comment_status":"closed","ping_status":"closed","template":"","meta":{"_acf_changed":false,"footnotes":""},"class_list":["post-1543","page","type-page","status-publish","has-post-thumbnail","hentry"],"acf":[],"yoast_head":"<!-- This site is optimized with the Yoast SEO Premium plugin v26.7 (Yoast SEO v27.3) - https:\/\/yoast.com\/product\/yoast-seo-premium-wordpress\/ -->\n<title>Unsere Geschichte - Wie alles begann - Rapture Surfcamps<\/title>\n<meta name=\"description\" content=\"F\u00fcr den Rest ihres Lebens tolle Wellen surfen, das ist der Traum aller Surfer. Wir haben Rapture geschaffen, aus Liebe zum surfen.\" \/>\n<meta name=\"robots\" content=\"index, follow, max-snippet:-1, max-image-preview:large, max-video-preview:-1\" \/>\n<link rel=\"canonical\" href=\"https:\/\/www.rapturecamps.com\/de\/ueber-uns\/\" \/>\n<meta property=\"og:locale\" content=\"de_DE\" \/>\n<meta property=\"og:type\" content=\"article\" \/>\n<meta property=\"og:title\" content=\"\u00dcber Uns\" \/>\n<meta property=\"og:description\" content=\"F\u00fcr den Rest ihres Lebens tolle Wellen surfen, das ist der Traum aller Surfer. Wir haben Rapture geschaffen, aus Liebe zum surfen.\" \/>\n<meta property=\"og:url\" content=\"https:\/\/www.rapturecamps.com\/de\/ueber-uns\/\" \/>\n<meta property=\"og:site_name\" content=\"Rapture Surfcamps\" \/>\n<meta property=\"article:publisher\" content=\"https:\/\/www.facebook.com\/Rapturecamps\/\" \/>\n<meta property=\"article:modified_time\" content=\"2022-06-16T17:31:14+00:00\" \/>\n<meta property=\"og:image\" content=\"https:\/\/www.rapturecamps.com\/wp-content\/uploads\/2019\/11\/Rapturecamps-Padang-pool-ight.jpg\" \/>\n\t<meta property=\"og:image:width\" content=\"1080\" \/>\n\t<meta property=\"og:image:height\" content=\"810\" \/>\n\t<meta property=\"og:image:type\" content=\"image\/jpeg\" \/>\n<meta name=\"twitter:card\" content=\"summary_large_image\" \/>\n<meta name=\"twitter:site\" content=\"@rapturecamps\" \/>\n<meta name=\"twitter:label1\" content=\"Gesch\u00e4tzte Lesezeit\" \/>\n\t<meta name=\"twitter:data1\" content=\"3\u00a0Minuten\" \/>\n<script type=\"application\/ld+json\" class=\"yoast-schema-graph\">{\"@context\":\"https:\\\/\\\/schema.org\",\"@graph\":[{\"@type\":\"WebPage\",\"@id\":\"https:\\\/\\\/www.rapturecamps.com\\\/de\\\/ueber-uns\\\/\",\"url\":\"https:\\\/\\\/www.rapturecamps.com\\\/de\\\/ueber-uns\\\/\",\"name\":\"Unsere Geschichte - Wie alles begann - Rapture Surfcamps\",\"isPartOf\":{\"@id\":\"https:\\\/\\\/www.rapturecamps.com\\\/de\\\/#website\"},\"primaryImageOfPage\":{\"@id\":\"https:\\\/\\\/www.rapturecamps.com\\\/de\\\/ueber-uns\\\/#primaryimage\"},\"image\":{\"@id\":\"https:\\\/\\\/www.rapturecamps.com\\\/de\\\/ueber-uns\\\/#primaryimage\"},\"thumbnailUrl\":\"https:\\\/\\\/www.rapturecamps.com\\\/wp-content\\\/uploads\\\/2019\\\/11\\\/Rapturecamps-Padang-pool-ight.jpg\",\"datePublished\":\"2018-11-08T10:37:44+00:00\",\"dateModified\":\"2022-06-16T17:31:14+00:00\",\"description\":\"F\u00fcr den Rest ihres Lebens tolle Wellen surfen, das ist der Traum aller Surfer. Wir haben Rapture geschaffen, aus Liebe zum surfen.\",\"inLanguage\":\"de\",\"potentialAction\":[{\"@type\":\"ReadAction\",\"target\":[\"https:\\\/\\\/www.rapturecamps.com\\\/de\\\/ueber-uns\\\/\"]}]},{\"@type\":\"ImageObject\",\"inLanguage\":\"de\",\"@id\":\"https:\\\/\\\/www.rapturecamps.com\\\/de\\\/ueber-uns\\\/#primaryimage\",\"url\":\"https:\\\/\\\/www.rapturecamps.com\\\/wp-content\\\/uploads\\\/2019\\\/11\\\/Rapturecamps-Padang-pool-ight.jpg\",\"contentUrl\":\"https:\\\/\\\/www.rapturecamps.com\\\/wp-content\\\/uploads\\\/2019\\\/11\\\/Rapturecamps-Padang-pool-ight.jpg\",\"width\":1080,\"height\":810,\"caption\":\"Rapture Surfcamps Padang Pool mit Licht\"},{\"@type\":\"WebSite\",\"@id\":\"https:\\\/\\\/www.rapturecamps.com\\\/de\\\/#website\",\"url\":\"https:\\\/\\\/www.rapturecamps.com\\\/de\\\/\",\"name\":\"Rapture Surfcamps\",\"description\":\"Surfen Sie durch die Welt - Bali, Costa Rica, Nicaragua, Portugal\",\"publisher\":{\"@id\":\"https:\\\/\\\/www.rapturecamps.com\\\/de\\\/#organization\"},\"potentialAction\":[{\"@type\":\"SearchAction\",\"target\":{\"@type\":\"EntryPoint\",\"urlTemplate\":\"https:\\\/\\\/www.rapturecamps.com\\\/de\\\/?s={search_term_string}\"},\"query-input\":{\"@type\":\"PropertyValueSpecification\",\"valueRequired\":true,\"valueName\":\"search_term_string\"}}],\"inLanguage\":\"de\"},{\"@type\":\"Organization\",\"@id\":\"https:\\\/\\\/www.rapturecamps.com\\\/de\\\/#organization\",\"name\":\"Rapture Surfcamps\",\"url\":\"https:\\\/\\\/www.rapturecamps.com\\\/de\\\/\",\"logo\":{\"@type\":\"ImageObject\",\"inLanguage\":\"de\",\"@id\":\"https:\\\/\\\/www.rapturecamps.com\\\/de\\\/#\\\/schema\\\/logo\\\/image\\\/\",\"url\":\"https:\\\/\\\/www.rapturecamps.com\\\/wp-content\\\/uploads\\\/2019\\\/10\\\/Rapturecamps_logo.png\",\"contentUrl\":\"https:\\\/\\\/www.rapturecamps.com\\\/wp-content\\\/uploads\\\/2019\\\/10\\\/Rapturecamps_logo.png\",\"width\":960,\"height\":960,\"caption\":\"Rapture Surfcamps\"},\"image\":{\"@id\":\"https:\\\/\\\/www.rapturecamps.com\\\/de\\\/#\\\/schema\\\/logo\\\/image\\\/\"},\"sameAs\":[\"https:\\\/\\\/www.facebook.com\\\/Rapturecamps\\\/\",\"https:\\\/\\\/x.com\\\/rapturecamps\",\"https:\\\/\\\/www.instagram.com\\\/rapturecamps\\\/\",\"https:\\\/\\\/www.pinterest.com\\\/rapturecamps\",\"https:\\\/\\\/www.youtube.com\\\/user\\\/Rapturecamps\\\/\"]}]}<\/script>\n<!-- \/ Yoast SEO Premium plugin. -->","yoast_head_json":{"title":"Unsere Geschichte - Wie alles begann - Rapture Surfcamps","description":"F\u00fcr den Rest ihres Lebens tolle Wellen surfen, das ist der Traum aller Surfer. Wir haben Rapture geschaffen, aus Liebe zum surfen.","robots":{"index":"index","follow":"follow","max-snippet":"max-snippet:-1","max-image-preview":"max-image-preview:large","max-video-preview":"max-video-preview:-1"},"canonical":"https:\/\/www.rapturecamps.com\/de\/ueber-uns\/","og_locale":"de_DE","og_type":"article","og_title":"\u00dcber Uns","og_description":"F\u00fcr den Rest ihres Lebens tolle Wellen surfen, das ist der Traum aller Surfer. Wir haben Rapture geschaffen, aus Liebe zum surfen.","og_url":"https:\/\/www.rapturecamps.com\/de\/ueber-uns\/","og_site_name":"Rapture Surfcamps","article_publisher":"https:\/\/www.facebook.com\/Rapturecamps\/","article_modified_time":"2022-06-16T17:31:14+00:00","og_image":[{"width":1080,"height":810,"url":"https:\/\/www.rapturecamps.com\/wp-content\/uploads\/2019\/11\/Rapturecamps-Padang-pool-ight.jpg","type":"image\/jpeg"}],"twitter_card":"summary_large_image","twitter_site":"@rapturecamps","twitter_misc":{"Gesch\u00e4tzte Lesezeit":"3\u00a0Minuten"},"schema":{"@context":"https:\/\/schema.org","@graph":[{"@type":"WebPage","@id":"https:\/\/www.rapturecamps.com\/de\/ueber-uns\/","url":"https:\/\/www.rapturecamps.com\/de\/ueber-uns\/","name":"Unsere Geschichte - Wie alles begann - Rapture Surfcamps","isPartOf":{"@id":"https:\/\/www.rapturecamps.com\/de\/#website"},"primaryImageOfPage":{"@id":"https:\/\/www.rapturecamps.com\/de\/ueber-uns\/#primaryimage"},"image":{"@id":"https:\/\/www.rapturecamps.com\/de\/ueber-uns\/#primaryimage"},"thumbnailUrl":"https:\/\/www.rapturecamps.com\/wp-content\/uploads\/2019\/11\/Rapturecamps-Padang-pool-ight.jpg","datePublished":"2018-11-08T10:37:44+00:00","dateModified":"2022-06-16T17:31:14+00:00","description":"F\u00fcr den Rest ihres Lebens tolle Wellen surfen, das ist der Traum aller Surfer. Wir haben Rapture geschaffen, aus Liebe zum surfen.","inLanguage":"de","potentialAction":[{"@type":"ReadAction","target":["https:\/\/www.rapturecamps.com\/de\/ueber-uns\/"]}]},{"@type":"ImageObject","inLanguage":"de","@id":"https:\/\/www.rapturecamps.com\/de\/ueber-uns\/#primaryimage","url":"https:\/\/www.rapturecamps.com\/wp-content\/uploads\/2019\/11\/Rapturecamps-Padang-pool-ight.jpg","contentUrl":"https:\/\/www.rapturecamps.com\/wp-content\/uploads\/2019\/11\/Rapturecamps-Padang-pool-ight.jpg","width":1080,"height":810,"caption":"Rapture Surfcamps Padang Pool mit Licht"},{"@type":"WebSite","@id":"https:\/\/www.rapturecamps.com\/de\/#website","url":"https:\/\/www.rapturecamps.com\/de\/","name":"Rapture Surfcamps","description":"Surfen Sie durch die Welt - Bali, Costa Rica, Nicaragua, Portugal","publisher":{"@id":"https:\/\/www.rapturecamps.com\/de\/#organization"},"potentialAction":[{"@type":"SearchAction","target":{"@type":"EntryPoint","urlTemplate":"https:\/\/www.rapturecamps.com\/de\/?s={search_term_string}"},"query-input":{"@type":"PropertyValueSpecification","valueRequired":true,"valueName":"search_term_string"}}],"inLanguage":"de"},{"@type":"Organization","@id":"https:\/\/www.rapturecamps.com\/de\/#organization","name":"Rapture Surfcamps","url":"https:\/\/www.rapturecamps.com\/de\/","logo":{"@type":"ImageObject","inLanguage":"de","@id":"https:\/\/www.rapturecamps.com\/de\/#\/schema\/logo\/image\/","url":"https:\/\/www.rapturecamps.com\/wp-content\/uploads\/2019\/10\/Rapturecamps_logo.png","contentUrl":"https:\/\/www.rapturecamps.com\/wp-content\/uploads\/2019\/10\/Rapturecamps_logo.png","width":960,"height":960,"caption":"Rapture Surfcamps"},"image":{"@id":"https:\/\/www.rapturecamps.com\/de\/#\/schema\/logo\/image\/"},"sameAs":["https:\/\/www.facebook.com\/Rapturecamps\/","https:\/\/x.com\/rapturecamps","https:\/\/www.instagram.com\/rapturecamps\/","https:\/\/www.pinterest.com\/rapturecamps","https:\/\/www.youtube.com\/user\/Rapturecamps\/"]}]}},"_links":{"self":[{"href":"https:\/\/www.rapturecamps.com\/de\/wp-json\/wp\/v2\/pages\/1543","targetHints":{"allow":["GET"]}}],"collection":[{"href":"https:\/\/www.rapturecamps.com\/de\/wp-json\/wp\/v2\/pages"}],"about":[{"href":"https:\/\/www.rapturecamps.com\/de\/wp-json\/wp\/v2\/types\/page"}],"author":[{"embeddable":true,"href":"https:\/\/www.rapturecamps.com\/de\/wp-json\/wp\/v2\/users\/5"}],"replies":[{"embeddable":true,"href":"https:\/\/www.rapturecamps.com\/de\/wp-json\/wp\/v2\/comments?post=1543"}],"version-history":[{"count":0,"href":"https:\/\/www.rapturecamps.com\/de\/wp-json\/wp\/v2\/pages\/1543\/revisions"}],"wp:featuredmedia":[{"embeddable":true,"href":"https:\/\/www.rapturecamps.com\/de\/wp-json\/wp\/v2\/media\/4769"}],"wp:attachment":[{"href":"https:\/\/www.rapturecamps.com\/de\/wp-json\/wp\/v2\/media?parent=1543"}],"curies":[{"name":"wp","href":"https:\/\/api.w.org\/{rel}","templated":true}]}}