{"id":8238,"date":"2020-02-28T12:48:05","date_gmt":"2020-02-28T12:48:05","guid":{"rendered":"https:\/\/www.rapturecamps.com\/?page_id=8238"},"modified":"2022-07-19T07:13:14","modified_gmt":"2022-07-19T07:13:14","slug":"reiseversicherung-fuer-deinen-surftrip","status":"publish","type":"page","link":"https:\/\/www.rapturecamps.com\/de\/reiseversicherung-fuer-deinen-surftrip\/","title":{"rendered":"Reiseversicherung f\u00fcr deinen Surftrip"},"content":{"rendered":"\n<p>Eine Reiseversicherung ist eine wesentliche Voraussetzung f\u00fcr jeden Auslandsurlaub, aber besonders wichtig, wenn es um Surfreisen geht. F\u00fcr den unwahrscheinlichen Fall, dass etwas passiert, stellt eine Reiseversicherung sicher, dass Sie, Ihr Partner oder Ihre Familie keine teuren medizinischen Kosten bezahlen m\u00fcssen.<\/p>\n\n<p>Bei Rapture Surfcamps steht deine Sicherheit an erster Stelle. Eine Surfreiseversicherung in Form einer Reiseversicherung ist eine M\u00f6glichkeit, wie Sie sich w\u00e4hrend Ihres Aufenthalts bei uns Sorgenfreiheit garantieren k\u00f6nnen. Wir empfehlen, dass Reisende immer eine Reiseversicherung abschlie\u00dfen, bevor sie an einem unserer Standorte buchen, sie kann jedoch auch nach Ihrer Abreise abgeschlossen werden. Wir empfehlen au\u00dferdem den Kauf eines <em>Reiseschutzes<\/em>, um sicherzustellen, dass Sie auf unvorhergesehene Umst\u00e4nde vorbereitet sind.<\/p>\n\n<h4>Holen Sie sich jetzt ein Angebot f\u00fcr Ihre Reiseversicherung <a href=\"#travel-insurance\"><div class=\"btn-round btn-blue\">Online<\/div><\/a> und reisen Sie sicher! h4>\n<\/h4>\n<h2 class=\"wp-block-heading\" id=\"h-why-do-i-need-surf-trip-insurance\">Warum brauche ich eine Surfreiseversicherung?<\/h2>\n\n<p>Wir alle gehen im Urlaub gerne Risiken ein und probieren Neues aus. Es ist Teil dessen, was ein Weltenbummler-Abenteuer so aufregend macht. Als reisender Surfer sind Sie jedoch aufgrund der Unerschrockenheit der Aktivit\u00e4t bestimmten Risiken st\u00e4rker ausgesetzt als der durchschnittliche Tourist.<\/p>\n\n<p>W\u00e4hrend eine Reiseversicherung Schlimmes nicht verhindern kann, mindert sie doch die Belastung durch Kosten, Sch\u00e4den und Unannehmlichkeiten, die unweigerlich auftreten, wenn alles schiefgeht. Mit der richtigen <a href=\"https:\/\/www.rapturecamps.com\/de\/blog\/traveling-with-a-surfboard-made-easy-in-6-simple-steps\/\">Surftrip<\/a> Reiseversicherung k\u00f6nnen Sie Ihren Urlaub in vollen Z\u00fcgen genie\u00dfen.<\/p>\n\n<h2 class=\"wp-block-heading\" id=\"h-what-are-the-different-types-of-travel-insurance\">Welche Arten von Reiseversicherungen gibt es?<\/h2>\n\n<p>Die besten Surfreiseversicherungsanbieter bieten eine Vielzahl unterschiedlicher Pakete an. Diese Pakete unterscheiden sich in der Regel in zwei Punkten: Deckungsgrad und Preisgestaltung.<\/p>\n\n<h3 class=\"wp-block-heading\" id=\"h-basic-travel-insurance\">Grundlegende Reiseversicherung<\/h3>\n\n<p>Die einfachste Reiseversicherung ist eine Reisekrankenversicherung. Eine Reisekrankenversicherung deckt Sie f\u00fcr die medizinische Grundversorgung, die medizinische Notfallversorgung und die medizinische Notfallevakuierung* ab. Wenn Sie einen Surfurlaub oder irgendeine Art von <a href=\"https:\/\/www.rapturecamps.com\/de\/blog\/planning-a-surf-trip-to-the-tropics-here-are-10 -Essentials-Sie-sollten-das-Haus-nicht-verlassen-ohne\/\">Urlaub<\/a> Dies ist \u00fcbrigens die Mindestversicherung, die Sie abschlie\u00dfen sollten.<\/p>\n\n<h3 class=\"wp-block-heading\" id=\"h-travel-protection\">Reiseschutz<\/h3>\n\n<p>Um alles abzudecken, was auf einem Surftrip sonst noch schief gehen kann, empfehlen wir zus\u00e4tzlich den Kauf eines Reiseschutzes. Eine Reiseschutzpolice enth\u00e4lt eine Liste von Vorteilen, die Ihre Reiseinvestitionen sch\u00fctzen sollen, wie z. B. Ihr Eigentum, Flugannullierungen und andere w\u00e4hrend der Reise entstandene Verluste.<\/p>\n\n<p>Beachten Sie, dass Sie zwar versucht sein k\u00f6nnten, die Budgetoption zu w\u00e4hlen, um mehr Geld f\u00fcr Ihre Reise zu sparen, aber eine g\u00fcnstige Surf-Reiseversicherung wird Sie zur\u00fcckschlagen. Das Letzte, was Sie in einer Notsituation brauchen, ist, sich zus\u00e4tzlich zu einem potenziell schwerwiegenden Gesundheitsproblem mit einer schrecklichen Kundenbetreuung, ineffizienten Schadenmanagementprozessen und einer unzureichenden Deckung auseinanderzusetzen.<\/p>\n\n<p><em>*Die meisten Surftrips f\u00fchren in Entwicklungsl\u00e4nder oder abgelegene Gebiete, die einen medizinischen Notfall nicht bew\u00e4ltigen k\u00f6nnen. Im Falle eines Zwischenfalls m\u00fcssen Sie m\u00f6glicherweise in ein Land mit besseren Einrichtungen geflogen werden. Aus diesem Grund sollte eine medizinische Notfallevakuierung erworben werden, wenn Sie beabsichtigen, abseits der ausgetretenen Pfade zu surfen.<\/em><\/p>\n\n<h2 class=\"wp-block-heading\" id=\"h-what-should-a-good-travel-insurance-policy-cover\">Was sollte eine gute Reiseversicherung abdecken?<\/h2>\n\n<p>Eine gute Reiseversicherung sollte mindestens Folgendes abdecken:<\/p>\n\n<table class=\"table\"><tbody><tr><th width=\"20%\">Art der Abdeckung<\/th><th>Wof\u00fcr es wichtig ist<\/th><\/tr><tr><strong>Medizinische Versorgung <\/strong><td>Versichert sind die medizinische Grundversorgung und die medizinische Notfallversorgung, falls Sie sich im Urlaub verletzen. Dies ist auch im Falle einer medizinischen Notfallevakuierung wichtig.<\/td><\/tr><tr><td><strong>Pers\u00f6nliche Haftung<\/strong><\/td><td>Diese deckt Sie ab, falls Sie jemand anderen verletzen auf Ihrer Reise.<\/td><\/tr><tr><td><strong>Eigentum <\/strong><\/td><td>Sie deckt den Verlust von Gep\u00e4ck, kaputte Surfbretter bei der Landung usw.<\/td> ab <\/tr><tr><td><strong>Sonstige Verluste<\/strong><\/td><td>Dies ist besonders wichtig, um im Falle einer Stornierung, \u00dcberbuchung usw. eine R\u00fcckerstattung zu erhalten.<\/td><\/tr><\/tbody><\/table>\n<h4>Holen Sie sich jetzt ein Online-Angebot f\u00fcr Ihre <a href=\"#travel-insurance\"><div class=\"btn-round btn-blue\">Reiseversicherung<\/div><\/a>!<\/h4>\n\n<h2 class=\"wp-block-heading\" id=\"h-where-can-i-find-the-best-surf-trip-travel-insurance\">Wo finde ich die beste Reiseversicherung f\u00fcr Surftrips?<\/h2>\n\n<p>Die beste <a href=\"https:\/\/www.rapturecamps.com\/de\/blog\/surf-trip-insurance\/\">Reiseversicherung<\/a> f\u00fcr Surftrips zu finden, muss nicht schwierig sein. Mit \u00fcber 15 Jahren Erfahrung in der Surftourismusbranche k\u00f6nnen wir mit Zuversicht sagen, dass World Nomads die umfassendsten Versicherungspolicen f\u00fcr reisende Surfer anbietet.<\/p>\n\n<p>Die Reiseversicherung von World Nomads kann bequem online abgeschlossen werden. Es ist auch f\u00fcr Menschen aus 140 L\u00e4ndern zug\u00e4nglich, mit Paketen, die auf abenteuerlustige Reisende zugeschnitten sind, darunter Krankenversicherung, Evakuierung und Gep\u00e4ck im Ausland sowie eine Reihe von Abenteuersportarten und -aktivit\u00e4ten.<\/p>\n\n<h2 class=\"wp-block-heading\" id=\"h-7-reasons-to-use-world-nomads-surf-holiday-travel-insurance\">7 Gr\u00fcnde, die Surfurlaub-Reiseversicherung von World Nomads zu nutzen<\/h2>\n\n<h4 class=\"wp-block-heading\" id=\"h-1-trusted-underwriters\">1. Vertrauensw\u00fcrdige Versicherer<\/h4>\n\n<p>WorldNomads.com wird von einer Reihe spezialisierter Reiseversicherer unterst\u00fctzt, die einen fantastischen Versicherungsschutz und 24-Stunden-Notfallhilfe bieten, zus\u00e4tzlich zu speziellem Support und Schadenmanagementdiensten, wenn Sie sie am dringendsten ben\u00f6tigen.<\/p>\n\n<h4 class=\"wp-block-heading\" id=\"h-2-value-for-money-policies\">2. Preis Leistungs Richtlinien<\/h4>\n\n<p>WorldNomads.com bietet Versicherungsschutz f\u00fcr das, was Reisenden aus 140 L\u00e4ndern wichtig ist. Indem Sie sich auf das konzentrieren, was Sie brauchen, und das weglassen, was Sie nicht brauchen, k\u00f6nnen die Preise von World Nomads unglaublich wettbewerbsf\u00e4hig bleiben.<\/p>\n\n<h4 class=\"wp-block-heading\" id=\"h-3-flexibility-when-you-need-it\">3. Flexibilit\u00e4t, wenn Sie sie brauchen<\/h4>\n\n<p>Hatten Sie eine Plan\u00e4nderung? W\u00e4hrend Sie sich noch im Ausland befinden, k\u00f6nnen Sie online weitere Deckungen erwerben oder Anspr\u00fcche geltend machen. Sie k\u00f6nnen sogar eine World Nomads-Police abschlie\u00dfen, w\u00e4hrend Sie bereits unterwegs sind.<\/p>\n\n<h4 class=\"wp-block-heading\" id=\"h-4-comprehensive-cover-for-adventure-activities\">4. Umfassender Versicherungsschutz f\u00fcr Abenteueraktivit\u00e4ten<\/h4>\n\n<p>Von Skifahren und Snowboarden in Neuseeland bis hin zu Surf-Reiseversicherungen f\u00fcr Indonesien deckt WorldNomads.com eine gro\u00dfe Auswahl an Abenteueraktivit\u00e4ten ab, damit Sie das Beste aus Ihren Reisen herausholen k\u00f6nnen.<\/p>\n\n<h4 class=\"wp-block-heading\" id=\"h-5-world-nomads-ensures-you-travel-safely\">5. World Nomads sorgt daf\u00fcr, dass Sie sicher reisen<\/h4>\n\n<p>Alle WorldNomads.com-Mitglieder haben Zugriff auf aktuelle Reisesicherheitswarnungen sowie Reisesicherheitsratschl\u00e4ge und Online-Tipps \u00fcber das World Nomads Travel Safety Hub.<\/p>\n\n<h4 class=\"wp-block-heading\" id=\"h-6-more-than-just-travel-insurance\">6. Mehr als nur eine Reiseversicherung<\/h4>\n\n<p>Alle WorldNomads.com-Mitglieder k\u00f6nnen den lokalen Jargon durch eine Reihe von iPod- und iPhone-Sprachf\u00fchrern lernen und mit einem Online-Reisetagebuch mit Familie und Freunden in Kontakt bleiben.<\/p>\n\n<h4 class=\"wp-block-heading\" id=\"h-7-exceptional-customer-service\">7. Au\u00dfergew\u00f6hnlicher Kundenservice<\/h4>\n\n<p>Wir m\u00f6chten, dass Sie WorldNomads.com optimal nutzen. Wenn Sie Fragen zu Ihrer Reiseversicherung oder Reisesicherheit im Allgemeinen haben, wenden Sie sich bitte direkt an WorldNomads.com.<\/p>\n\n<a name=\"travel-insurance\"><\/a>\n\n<h2 class=\"wp-block-heading\" id=\"h-simple-flexible-get-a-quote-for-your-travel-insurance-with-world-nomads-now\">Einfach &amp; Flexibel. Fordern Sie jetzt ein Angebot f\u00fcr Ihre Reiseversicherung bei World Nomads an!<\/h2>\n\n<p><script src=\"\/\/www.worldnomads.com\/Partner\/GetPartnerWidget?partnerCode=R4PTUR3C4MP5&#038;Source=&#038;loadWithPanelExpanded=true&#038;cultureKey=en&#038;cssVariant=landscape\" async=\"\"><\/script><\/p>\n<div id=\"wn-insurance-quote-editor\" style=\"background: url('https:\\\/\\\/cdn.worldnomads.net\\\/Content\\\/styles\\\/i\\\/wn\\\/external-widgets\\\/widget-bg-blue.jpg');\"> <\/div>\n","protected":false},"excerpt":{"rendered":"<p>Eine Reiseversicherung ist eine wesentliche Voraussetzung f\u00fcr jeden Auslandsurlaub, aber besonders wichtig, wenn es um Surfreisen geht. F\u00fcr den unwahrscheinlichen Fall, dass etwas passiert, stellt eine Reiseversicherung sicher, dass Sie, Ihr Partner oder Ihre Familie keine teuren medizinischen Kosten bezahlen m\u00fcssen. Bei Rapture Surfcamps steht deine Sicherheit an erster Stelle. Eine Surfreiseversicherung in Form einer [&hellip;]<\/p>\n","protected":false},"author":10,"featured_media":0,"parent":0,"menu_order":0,"comment_status":"closed","ping_status":"closed","template":"","meta":{"_acf_changed":false,"footnotes":""},"class_list":["post-8238","page","type-page","status-publish","hentry"],"acf":[],"yoast_head":"<!-- This site is optimized with the Yoast SEO Premium plugin v26.7 (Yoast SEO v27.3) - https:\/\/yoast.com\/product\/yoast-seo-premium-wordpress\/ -->\n<title>Reiseversicherung f\u00fcr deinen Surftrip - Rapture Surfcamps<\/title>\n<meta name=\"description\" content=\"Eine Reiseversicherung ist eine wesentliche Voraussetzung f\u00fcr jeden Urlaub im Ausland, aber besonders wichtig ist sie bei Surf-Reisen.\" \/>\n<meta name=\"robots\" content=\"index, follow, max-snippet:-1, max-image-preview:large, max-video-preview:-1\" \/>\n<link rel=\"canonical\" href=\"https:\/\/www.rapturecamps.com\/de\/reiseversicherung-fuer-deinen-surftrip\/\" \/>\n<meta property=\"og:locale\" content=\"de_DE\" \/>\n<meta property=\"og:type\" content=\"article\" \/>\n<meta property=\"og:title\" content=\"Reiseversicherung f\u00fcr deinen Surftrip\" \/>\n<meta property=\"og:description\" content=\"Eine Reiseversicherung ist eine wesentliche Voraussetzung f\u00fcr jeden Urlaub im Ausland, aber besonders wichtig ist sie bei Surf-Reisen.\" \/>\n<meta property=\"og:url\" content=\"https:\/\/www.rapturecamps.com\/de\/reiseversicherung-fuer-deinen-surftrip\/\" \/>\n<meta property=\"og:site_name\" content=\"Rapture Surfcamps\" \/>\n<meta property=\"article:publisher\" content=\"https:\/\/www.facebook.com\/Rapturecamps\/\" \/>\n<meta property=\"article:modified_time\" content=\"2022-07-19T07:13:14+00:00\" \/>\n<meta name=\"twitter:card\" content=\"summary_large_image\" \/>\n<meta name=\"twitter:site\" content=\"@rapturecamps\" \/>\n<meta name=\"twitter:label1\" content=\"Gesch\u00e4tzte Lesezeit\" \/>\n\t<meta name=\"twitter:data1\" content=\"4\u00a0Minuten\" \/>\n<script type=\"application\/ld+json\" class=\"yoast-schema-graph\">{\"@context\":\"https:\\\/\\\/schema.org\",\"@graph\":[{\"@type\":\"WebPage\",\"@id\":\"https:\\\/\\\/www.rapturecamps.com\\\/de\\\/reiseversicherung-fuer-deinen-surftrip\\\/\",\"url\":\"https:\\\/\\\/www.rapturecamps.com\\\/de\\\/reiseversicherung-fuer-deinen-surftrip\\\/\",\"name\":\"Reiseversicherung f\u00fcr deinen Surftrip - Rapture Surfcamps\",\"isPartOf\":{\"@id\":\"https:\\\/\\\/www.rapturecamps.com\\\/de\\\/#website\"},\"datePublished\":\"2020-02-28T12:48:05+00:00\",\"dateModified\":\"2022-07-19T07:13:14+00:00\",\"description\":\"Eine Reiseversicherung ist eine wesentliche Voraussetzung f\u00fcr jeden Urlaub im Ausland, aber besonders wichtig ist sie bei Surf-Reisen.\",\"inLanguage\":\"de\",\"potentialAction\":[{\"@type\":\"ReadAction\",\"target\":[\"https:\\\/\\\/www.rapturecamps.com\\\/de\\\/reiseversicherung-fuer-deinen-surftrip\\\/\"]}]},{\"@type\":\"WebSite\",\"@id\":\"https:\\\/\\\/www.rapturecamps.com\\\/de\\\/#website\",\"url\":\"https:\\\/\\\/www.rapturecamps.com\\\/de\\\/\",\"name\":\"Rapture Surfcamps\",\"description\":\"Surfen Sie durch die Welt - Bali, Costa Rica, Nicaragua, Portugal\",\"publisher\":{\"@id\":\"https:\\\/\\\/www.rapturecamps.com\\\/de\\\/#organization\"},\"potentialAction\":[{\"@type\":\"SearchAction\",\"target\":{\"@type\":\"EntryPoint\",\"urlTemplate\":\"https:\\\/\\\/www.rapturecamps.com\\\/de\\\/?s={search_term_string}\"},\"query-input\":{\"@type\":\"PropertyValueSpecification\",\"valueRequired\":true,\"valueName\":\"search_term_string\"}}],\"inLanguage\":\"de\"},{\"@type\":\"Organization\",\"@id\":\"https:\\\/\\\/www.rapturecamps.com\\\/de\\\/#organization\",\"name\":\"Rapture Surfcamps\",\"url\":\"https:\\\/\\\/www.rapturecamps.com\\\/de\\\/\",\"logo\":{\"@type\":\"ImageObject\",\"inLanguage\":\"de\",\"@id\":\"https:\\\/\\\/www.rapturecamps.com\\\/de\\\/#\\\/schema\\\/logo\\\/image\\\/\",\"url\":\"https:\\\/\\\/www.rapturecamps.com\\\/wp-content\\\/uploads\\\/2019\\\/10\\\/Rapturecamps_logo.png\",\"contentUrl\":\"https:\\\/\\\/www.rapturecamps.com\\\/wp-content\\\/uploads\\\/2019\\\/10\\\/Rapturecamps_logo.png\",\"width\":960,\"height\":960,\"caption\":\"Rapture Surfcamps\"},\"image\":{\"@id\":\"https:\\\/\\\/www.rapturecamps.com\\\/de\\\/#\\\/schema\\\/logo\\\/image\\\/\"},\"sameAs\":[\"https:\\\/\\\/www.facebook.com\\\/Rapturecamps\\\/\",\"https:\\\/\\\/x.com\\\/rapturecamps\",\"https:\\\/\\\/www.instagram.com\\\/rapturecamps\\\/\",\"https:\\\/\\\/www.pinterest.com\\\/rapturecamps\",\"https:\\\/\\\/www.youtube.com\\\/user\\\/Rapturecamps\\\/\"]}]}<\/script>\n<!-- \/ Yoast SEO Premium plugin. -->","yoast_head_json":{"title":"Reiseversicherung f\u00fcr deinen Surftrip - Rapture Surfcamps","description":"Eine Reiseversicherung ist eine wesentliche Voraussetzung f\u00fcr jeden Urlaub im Ausland, aber besonders wichtig ist sie bei Surf-Reisen.","robots":{"index":"index","follow":"follow","max-snippet":"max-snippet:-1","max-image-preview":"max-image-preview:large","max-video-preview":"max-video-preview:-1"},"canonical":"https:\/\/www.rapturecamps.com\/de\/reiseversicherung-fuer-deinen-surftrip\/","og_locale":"de_DE","og_type":"article","og_title":"Reiseversicherung f\u00fcr deinen Surftrip","og_description":"Eine Reiseversicherung ist eine wesentliche Voraussetzung f\u00fcr jeden Urlaub im Ausland, aber besonders wichtig ist sie bei Surf-Reisen.","og_url":"https:\/\/www.rapturecamps.com\/de\/reiseversicherung-fuer-deinen-surftrip\/","og_site_name":"Rapture Surfcamps","article_publisher":"https:\/\/www.facebook.com\/Rapturecamps\/","article_modified_time":"2022-07-19T07:13:14+00:00","twitter_card":"summary_large_image","twitter_site":"@rapturecamps","twitter_misc":{"Gesch\u00e4tzte Lesezeit":"4\u00a0Minuten"},"schema":{"@context":"https:\/\/schema.org","@graph":[{"@type":"WebPage","@id":"https:\/\/www.rapturecamps.com\/de\/reiseversicherung-fuer-deinen-surftrip\/","url":"https:\/\/www.rapturecamps.com\/de\/reiseversicherung-fuer-deinen-surftrip\/","name":"Reiseversicherung f\u00fcr deinen Surftrip - Rapture Surfcamps","isPartOf":{"@id":"https:\/\/www.rapturecamps.com\/de\/#website"},"datePublished":"2020-02-28T12:48:05+00:00","dateModified":"2022-07-19T07:13:14+00:00","description":"Eine Reiseversicherung ist eine wesentliche Voraussetzung f\u00fcr jeden Urlaub im Ausland, aber besonders wichtig ist sie bei Surf-Reisen.","inLanguage":"de","potentialAction":[{"@type":"ReadAction","target":["https:\/\/www.rapturecamps.com\/de\/reiseversicherung-fuer-deinen-surftrip\/"]}]},{"@type":"WebSite","@id":"https:\/\/www.rapturecamps.com\/de\/#website","url":"https:\/\/www.rapturecamps.com\/de\/","name":"Rapture Surfcamps","description":"Surfen Sie durch die Welt - Bali, Costa Rica, Nicaragua, Portugal","publisher":{"@id":"https:\/\/www.rapturecamps.com\/de\/#organization"},"potentialAction":[{"@type":"SearchAction","target":{"@type":"EntryPoint","urlTemplate":"https:\/\/www.rapturecamps.com\/de\/?s={search_term_string}"},"query-input":{"@type":"PropertyValueSpecification","valueRequired":true,"valueName":"search_term_string"}}],"inLanguage":"de"},{"@type":"Organization","@id":"https:\/\/www.rapturecamps.com\/de\/#organization","name":"Rapture Surfcamps","url":"https:\/\/www.rapturecamps.com\/de\/","logo":{"@type":"ImageObject","inLanguage":"de","@id":"https:\/\/www.rapturecamps.com\/de\/#\/schema\/logo\/image\/","url":"https:\/\/www.rapturecamps.com\/wp-content\/uploads\/2019\/10\/Rapturecamps_logo.png","contentUrl":"https:\/\/www.rapturecamps.com\/wp-content\/uploads\/2019\/10\/Rapturecamps_logo.png","width":960,"height":960,"caption":"Rapture Surfcamps"},"image":{"@id":"https:\/\/www.rapturecamps.com\/de\/#\/schema\/logo\/image\/"},"sameAs":["https:\/\/www.facebook.com\/Rapturecamps\/","https:\/\/x.com\/rapturecamps","https:\/\/www.instagram.com\/rapturecamps\/","https:\/\/www.pinterest.com\/rapturecamps","https:\/\/www.youtube.com\/user\/Rapturecamps\/"]}]}},"_links":{"self":[{"href":"https:\/\/www.rapturecamps.com\/de\/wp-json\/wp\/v2\/pages\/8238","targetHints":{"allow":["GET"]}}],"collection":[{"href":"https:\/\/www.rapturecamps.com\/de\/wp-json\/wp\/v2\/pages"}],"about":[{"href":"https:\/\/www.rapturecamps.com\/de\/wp-json\/wp\/v2\/types\/page"}],"author":[{"embeddable":true,"href":"https:\/\/www.rapturecamps.com\/de\/wp-json\/wp\/v2\/users\/10"}],"replies":[{"embeddable":true,"href":"https:\/\/www.rapturecamps.com\/de\/wp-json\/wp\/v2\/comments?post=8238"}],"version-history":[{"count":0,"href":"https:\/\/www.rapturecamps.com\/de\/wp-json\/wp\/v2\/pages\/8238\/revisions"}],"wp:attachment":[{"href":"https:\/\/www.rapturecamps.com\/de\/wp-json\/wp\/v2\/media?parent=8238"}],"curies":[{"name":"wp","href":"https:\/\/api.w.org\/{rel}","templated":true}]}}