{"id":888,"date":"2018-09-17T07:45:32","date_gmt":"2018-09-17T07:45:32","guid":{"rendered":"https:\/\/www.rapturecamps.com\/?page_id=888"},"modified":"2023-03-23T14:20:55","modified_gmt":"2023-03-23T14:20:55","slug":"blog","status":"publish","type":"page","link":"https:\/\/www.rapturecamps.com\/de\/blog\/","title":{"rendered":"Blog &#8211; News f\u00fcr dich"},"content":{"rendered":"\n<p>Du bist auf der Suche nach dem <a href=\"https:\/\/www.rapturecamps.com\/de\/surfcamp\/\">perfekten Surfbreak<\/a>? Wenn du keine Ahnung hast, wo deine n\u00e4chste Reise hingehen soll, lies hier \u00fcber unsere Top-Surfbreaks f\u00fcr Anf\u00e4nger und Profis. Hol dir Inspiration vor deinem n\u00e4chsten <a href=\"https:\/\/www.rapturecamps.com\/de\/blog\/surfcamp-buchen-darauf-solltest-du-bei-deiner-entscheidung-achten\/\">Surftrip<\/a>!<\/p>\n","protected":false},"excerpt":{"rendered":"<p>Du bist auf der Suche nach dem perfekten Surfbreak? Wenn du keine Ahnung hast, wo deine n\u00e4chste Reise hingehen soll, lies hier \u00fcber unsere Top-Surfbreaks f\u00fcr Anf\u00e4nger und Profis. Hol dir Inspiration vor deinem n\u00e4chsten Surftrip!<\/p>\n","protected":false},"author":2,"featured_media":8215,"parent":0,"menu_order":5,"comment_status":"closed","ping_status":"closed","template":"page-templates\/template-journal.php","meta":{"_acf_changed":false,"footnotes":""},"class_list":["post-888","page","type-page","status-publish","has-post-thumbnail","hentry"],"acf":[],"yoast_head":"<!-- This site is optimized with the Yoast SEO Premium plugin v26.7 (Yoast SEO v27.4) - https:\/\/yoast.com\/product\/yoast-seo-premium-wordpress\/ -->\n<title>Surf Destinationen, Surfer Tipps von Rapturecamps<\/title>\n<meta name=\"description\" content=\"Von Tipps f\u00fcr Surfer bis hin zum ultimativen Surf-Break-Guide haben wir alles - globale Surf News und auch Reisef\u00fchrer! Top Surf-Blog f\u00fcr alle Surfer!\" \/>\n<meta name=\"robots\" content=\"index, follow, max-snippet:-1, max-image-preview:large, max-video-preview:-1\" \/>\n<link rel=\"canonical\" href=\"https:\/\/www.rapturecamps.com\/de\/blog\/\" \/>\n<meta property=\"og:locale\" content=\"de_DE\" \/>\n<meta property=\"og:type\" content=\"article\" \/>\n<meta property=\"og:title\" content=\"Blog - News f\u00fcr dich\" \/>\n<meta property=\"og:description\" content=\"Von Tipps f\u00fcr Surfer bis hin zum ultimativen Surf-Break-Guide haben wir alles - globale Surf News und auch Reisef\u00fchrer! Top Surf-Blog f\u00fcr alle Surfer!\" \/>\n<meta property=\"og:url\" content=\"https:\/\/www.rapturecamps.com\/de\/blog\/\" \/>\n<meta property=\"og:site_name\" content=\"Rapture Surfcamps\" \/>\n<meta property=\"article:publisher\" content=\"https:\/\/www.facebook.com\/Rapturecamps\/\" \/>\n<meta property=\"article:modified_time\" content=\"2023-03-23T14:20:55+00:00\" \/>\n<meta property=\"og:image\" content=\"https:\/\/www.rapturecamps.com\/wp-content\/uploads\/2019\/07\/Rapturecamps-Bali-3-1024x819.jpg\" \/>\n\t<meta property=\"og:image:width\" content=\"1024\" \/>\n\t<meta property=\"og:image:height\" content=\"819\" \/>\n\t<meta property=\"og:image:type\" content=\"image\/jpeg\" \/>\n<meta name=\"twitter:card\" content=\"summary_large_image\" \/>\n<meta name=\"twitter:site\" content=\"@rapturecamps\" \/>\n<meta name=\"twitter:label1\" content=\"Gesch\u00e4tzte Lesezeit\" \/>\n\t<meta name=\"twitter:data1\" content=\"1\u00a0Minute\" \/>\n<script type=\"application\/ld+json\" class=\"yoast-schema-graph\">{\"@context\":\"https:\\\/\\\/schema.org\",\"@graph\":[{\"@type\":\"WebPage\",\"@id\":\"https:\\\/\\\/www.rapturecamps.com\\\/de\\\/blog\\\/\",\"url\":\"https:\\\/\\\/www.rapturecamps.com\\\/de\\\/blog\\\/\",\"name\":\"Surf Destinationen, Surfer Tipps von Rapturecamps\",\"isPartOf\":{\"@id\":\"https:\\\/\\\/www.rapturecamps.com\\\/de\\\/#website\"},\"primaryImageOfPage\":{\"@id\":\"https:\\\/\\\/www.rapturecamps.com\\\/de\\\/blog\\\/#primaryimage\"},\"image\":{\"@id\":\"https:\\\/\\\/www.rapturecamps.com\\\/de\\\/blog\\\/#primaryimage\"},\"thumbnailUrl\":\"https:\\\/\\\/www.rapturecamps.com\\\/wp-content\\\/uploads\\\/2019\\\/07\\\/Rapturecamps-Bali-3.jpg\",\"datePublished\":\"2018-09-17T07:45:32+00:00\",\"dateModified\":\"2023-03-23T14:20:55+00:00\",\"description\":\"Von Tipps f\u00fcr Surfer bis hin zum ultimativen Surf-Break-Guide haben wir alles - globale Surf News und auch Reisef\u00fchrer! Top Surf-Blog f\u00fcr alle Surfer!\",\"inLanguage\":\"de\",\"potentialAction\":[{\"@type\":\"ReadAction\",\"target\":[\"https:\\\/\\\/www.rapturecamps.com\\\/de\\\/blog\\\/\"]}]},{\"@type\":\"ImageObject\",\"inLanguage\":\"de\",\"@id\":\"https:\\\/\\\/www.rapturecamps.com\\\/de\\\/blog\\\/#primaryimage\",\"url\":\"https:\\\/\\\/www.rapturecamps.com\\\/wp-content\\\/uploads\\\/2019\\\/07\\\/Rapturecamps-Bali-3.jpg\",\"contentUrl\":\"https:\\\/\\\/www.rapturecamps.com\\\/wp-content\\\/uploads\\\/2019\\\/07\\\/Rapturecamps-Bali-3.jpg\",\"width\":2048,\"height\":1638,\"caption\":\"Rapturecamps Bali Surfen Longboard\"},{\"@type\":\"WebSite\",\"@id\":\"https:\\\/\\\/www.rapturecamps.com\\\/de\\\/#website\",\"url\":\"https:\\\/\\\/www.rapturecamps.com\\\/de\\\/\",\"name\":\"Rapture Surfcamps\",\"description\":\"Surfen Sie durch die Welt - Bali, Costa Rica, Nicaragua, Portugal\",\"publisher\":{\"@id\":\"https:\\\/\\\/www.rapturecamps.com\\\/de\\\/#organization\"},\"potentialAction\":[{\"@type\":\"SearchAction\",\"target\":{\"@type\":\"EntryPoint\",\"urlTemplate\":\"https:\\\/\\\/www.rapturecamps.com\\\/de\\\/?s={search_term_string}\"},\"query-input\":{\"@type\":\"PropertyValueSpecification\",\"valueRequired\":true,\"valueName\":\"search_term_string\"}}],\"inLanguage\":\"de\"},{\"@type\":\"Organization\",\"@id\":\"https:\\\/\\\/www.rapturecamps.com\\\/de\\\/#organization\",\"name\":\"Rapture Surfcamps\",\"url\":\"https:\\\/\\\/www.rapturecamps.com\\\/de\\\/\",\"logo\":{\"@type\":\"ImageObject\",\"inLanguage\":\"de\",\"@id\":\"https:\\\/\\\/www.rapturecamps.com\\\/de\\\/#\\\/schema\\\/logo\\\/image\\\/\",\"url\":\"https:\\\/\\\/www.rapturecamps.com\\\/wp-content\\\/uploads\\\/2019\\\/10\\\/Rapturecamps_logo.png\",\"contentUrl\":\"https:\\\/\\\/www.rapturecamps.com\\\/wp-content\\\/uploads\\\/2019\\\/10\\\/Rapturecamps_logo.png\",\"width\":960,\"height\":960,\"caption\":\"Rapture Surfcamps\"},\"image\":{\"@id\":\"https:\\\/\\\/www.rapturecamps.com\\\/de\\\/#\\\/schema\\\/logo\\\/image\\\/\"},\"sameAs\":[\"https:\\\/\\\/www.facebook.com\\\/Rapturecamps\\\/\",\"https:\\\/\\\/x.com\\\/rapturecamps\",\"https:\\\/\\\/www.instagram.com\\\/rapturecamps\\\/\",\"https:\\\/\\\/www.pinterest.com\\\/rapturecamps\",\"https:\\\/\\\/www.youtube.com\\\/user\\\/Rapturecamps\\\/\"]}]}<\/script>\n<!-- \/ Yoast SEO Premium plugin. -->","yoast_head_json":{"title":"Surf Destinationen, Surfer Tipps von Rapturecamps","description":"Von Tipps f\u00fcr Surfer bis hin zum ultimativen Surf-Break-Guide haben wir alles - globale Surf News und auch Reisef\u00fchrer! Top Surf-Blog f\u00fcr alle Surfer!","robots":{"index":"index","follow":"follow","max-snippet":"max-snippet:-1","max-image-preview":"max-image-preview:large","max-video-preview":"max-video-preview:-1"},"canonical":"https:\/\/www.rapturecamps.com\/de\/blog\/","og_locale":"de_DE","og_type":"article","og_title":"Blog - News f\u00fcr dich","og_description":"Von Tipps f\u00fcr Surfer bis hin zum ultimativen Surf-Break-Guide haben wir alles - globale Surf News und auch Reisef\u00fchrer! Top Surf-Blog f\u00fcr alle Surfer!","og_url":"https:\/\/www.rapturecamps.com\/de\/blog\/","og_site_name":"Rapture Surfcamps","article_publisher":"https:\/\/www.facebook.com\/Rapturecamps\/","article_modified_time":"2023-03-23T14:20:55+00:00","og_image":[{"width":1024,"height":819,"url":"https:\/\/www.rapturecamps.com\/wp-content\/uploads\/2019\/07\/Rapturecamps-Bali-3-1024x819.jpg","type":"image\/jpeg"}],"twitter_card":"summary_large_image","twitter_site":"@rapturecamps","twitter_misc":{"Gesch\u00e4tzte Lesezeit":"1\u00a0Minute"},"schema":{"@context":"https:\/\/schema.org","@graph":[{"@type":"WebPage","@id":"https:\/\/www.rapturecamps.com\/de\/blog\/","url":"https:\/\/www.rapturecamps.com\/de\/blog\/","name":"Surf Destinationen, Surfer Tipps von Rapturecamps","isPartOf":{"@id":"https:\/\/www.rapturecamps.com\/de\/#website"},"primaryImageOfPage":{"@id":"https:\/\/www.rapturecamps.com\/de\/blog\/#primaryimage"},"image":{"@id":"https:\/\/www.rapturecamps.com\/de\/blog\/#primaryimage"},"thumbnailUrl":"https:\/\/www.rapturecamps.com\/wp-content\/uploads\/2019\/07\/Rapturecamps-Bali-3.jpg","datePublished":"2018-09-17T07:45:32+00:00","dateModified":"2023-03-23T14:20:55+00:00","description":"Von Tipps f\u00fcr Surfer bis hin zum ultimativen Surf-Break-Guide haben wir alles - globale Surf News und auch Reisef\u00fchrer! Top Surf-Blog f\u00fcr alle Surfer!","inLanguage":"de","potentialAction":[{"@type":"ReadAction","target":["https:\/\/www.rapturecamps.com\/de\/blog\/"]}]},{"@type":"ImageObject","inLanguage":"de","@id":"https:\/\/www.rapturecamps.com\/de\/blog\/#primaryimage","url":"https:\/\/www.rapturecamps.com\/wp-content\/uploads\/2019\/07\/Rapturecamps-Bali-3.jpg","contentUrl":"https:\/\/www.rapturecamps.com\/wp-content\/uploads\/2019\/07\/Rapturecamps-Bali-3.jpg","width":2048,"height":1638,"caption":"Rapturecamps Bali Surfen Longboard"},{"@type":"WebSite","@id":"https:\/\/www.rapturecamps.com\/de\/#website","url":"https:\/\/www.rapturecamps.com\/de\/","name":"Rapture Surfcamps","description":"Surfen Sie durch die Welt - Bali, Costa Rica, Nicaragua, Portugal","publisher":{"@id":"https:\/\/www.rapturecamps.com\/de\/#organization"},"potentialAction":[{"@type":"SearchAction","target":{"@type":"EntryPoint","urlTemplate":"https:\/\/www.rapturecamps.com\/de\/?s={search_term_string}"},"query-input":{"@type":"PropertyValueSpecification","valueRequired":true,"valueName":"search_term_string"}}],"inLanguage":"de"},{"@type":"Organization","@id":"https:\/\/www.rapturecamps.com\/de\/#organization","name":"Rapture Surfcamps","url":"https:\/\/www.rapturecamps.com\/de\/","logo":{"@type":"ImageObject","inLanguage":"de","@id":"https:\/\/www.rapturecamps.com\/de\/#\/schema\/logo\/image\/","url":"https:\/\/www.rapturecamps.com\/wp-content\/uploads\/2019\/10\/Rapturecamps_logo.png","contentUrl":"https:\/\/www.rapturecamps.com\/wp-content\/uploads\/2019\/10\/Rapturecamps_logo.png","width":960,"height":960,"caption":"Rapture Surfcamps"},"image":{"@id":"https:\/\/www.rapturecamps.com\/de\/#\/schema\/logo\/image\/"},"sameAs":["https:\/\/www.facebook.com\/Rapturecamps\/","https:\/\/x.com\/rapturecamps","https:\/\/www.instagram.com\/rapturecamps\/","https:\/\/www.pinterest.com\/rapturecamps","https:\/\/www.youtube.com\/user\/Rapturecamps\/"]}]}},"_links":{"self":[{"href":"https:\/\/www.rapturecamps.com\/de\/wp-json\/wp\/v2\/pages\/888","targetHints":{"allow":["GET"]}}],"collection":[{"href":"https:\/\/www.rapturecamps.com\/de\/wp-json\/wp\/v2\/pages"}],"about":[{"href":"https:\/\/www.rapturecamps.com\/de\/wp-json\/wp\/v2\/types\/page"}],"author":[{"embeddable":true,"href":"https:\/\/www.rapturecamps.com\/de\/wp-json\/wp\/v2\/users\/2"}],"replies":[{"embeddable":true,"href":"https:\/\/www.rapturecamps.com\/de\/wp-json\/wp\/v2\/comments?post=888"}],"version-history":[{"count":0,"href":"https:\/\/www.rapturecamps.com\/de\/wp-json\/wp\/v2\/pages\/888\/revisions"}],"wp:featuredmedia":[{"embeddable":true,"href":"https:\/\/www.rapturecamps.com\/de\/wp-json\/wp\/v2\/media\/8215"}],"wp:attachment":[{"href":"https:\/\/www.rapturecamps.com\/de\/wp-json\/wp\/v2\/media?parent=888"}],"curies":[{"name":"wp","href":"https:\/\/api.w.org\/{rel}","templated":true}]}}