{"id":895,"date":"2018-09-24T05:08:39","date_gmt":"2018-09-24T05:08:39","guid":{"rendered":"https:\/\/www.rapturecamps.com\/contact\/"},"modified":"2025-06-02T16:14:54","modified_gmt":"2025-06-02T16:14:54","slug":"kontakt","status":"publish","type":"page","link":"https:\/\/www.rapturecamps.com\/de\/kontakt\/","title":{"rendered":"Kontakt"},"content":{"rendered":"\n<p>Haben Sie Fragen vor der Buchung? Kontaktiere uns!<\/p>\n\n\n\n<p>Haben Sie schon in unserer <a href=\"https:\/\/www.rapturecamps.com\/de\/faq\/\">Hilfe<\/a> nachgesehen? Wir haben dort einige h\u00e4ufig gestellte Fragen, die f\u00fcr Sie n\u00fctzlich sein k\u00f6nnten.<\/p>\n\n\n\n<p>Wenn Sie die gesuchten Informationen nicht gefunden haben, schreiben Sie uns eine E-Mail, kontaktieren Sie uns \u00fcber WhatsApp oder kontaktieren Sie uns \u00fcber unsere internationale geb\u00fchrenfreie Nummer! Gerne beantworten wir all Ihre Fragen und helfen Ihnen bei der Buchung!<\/p>\n\n\n\n<p>Wenn Sie Rapturecamps anrufen, beachten Sie bitte, dass unsere internationale geb\u00fchrenfreie Nummer nur f\u00fcr die GMT Zeitzone funktioniert, und wir werden uns so schnell wie m\u00f6glich bei Ihnen melden. Sie k\u00f6nnen auch unsere Camp-Manager anrufen, aber denken Sie immer an die Zeitzonen, bevor Sie einen Anruf t\u00e4tigen!<\/p>\n","protected":false},"excerpt":{"rendered":"<p>Haben Sie Fragen vor der Buchung? Kontaktiere uns! Haben Sie schon in unserer Hilfe nachgesehen? Wir haben dort einige h\u00e4ufig gestellte Fragen, die f\u00fcr Sie n\u00fctzlich sein k\u00f6nnten. Wenn Sie die gesuchten Informationen nicht gefunden haben, schreiben Sie uns eine E-Mail, kontaktieren Sie uns \u00fcber WhatsApp oder kontaktieren Sie uns \u00fcber unsere internationale geb\u00fchrenfreie Nummer! [&hellip;]<\/p>\n","protected":false},"author":2,"featured_media":0,"parent":0,"menu_order":8,"comment_status":"closed","ping_status":"closed","template":"page-templates\/temp-contact.php","meta":{"_acf_changed":false,"footnotes":""},"class_list":["post-895","page","type-page","status-publish","hentry"],"acf":[],"yoast_head":"<!-- This site is optimized with the Yoast SEO Premium plugin v26.7 (Yoast SEO v27.3) - https:\/\/yoast.com\/product\/yoast-seo-premium-wordpress\/ -->\n<title>Fragen? Wir melden uns in max. 12 Stunden - Rapture Surfcamps<\/title>\n<meta name=\"description\" content=\"Du hast Fragen zum Surfcamp, der Unterk\u00fcnfte, dem Surfunterricht, den Yoga Einheiten, zum Essen oder anderem? Kontaktiere uns jederzeit!\" \/>\n<meta name=\"robots\" content=\"index, follow, max-snippet:-1, max-image-preview:large, max-video-preview:-1\" \/>\n<link rel=\"canonical\" href=\"https:\/\/www.rapturecamps.com\/de\/kontakt\/\" \/>\n<meta property=\"og:locale\" content=\"de_DE\" \/>\n<meta property=\"og:type\" content=\"article\" \/>\n<meta property=\"og:title\" content=\"Kontakt\" \/>\n<meta property=\"og:description\" content=\"Du hast Fragen zum Surfcamp, der Unterk\u00fcnfte, dem Surfunterricht, den Yoga Einheiten, zum Essen oder anderem? Kontaktiere uns jederzeit!\" \/>\n<meta property=\"og:url\" content=\"https:\/\/www.rapturecamps.com\/de\/kontakt\/\" \/>\n<meta property=\"og:site_name\" content=\"Rapture Surfcamps\" \/>\n<meta property=\"article:publisher\" content=\"https:\/\/www.facebook.com\/Rapturecamps\/\" \/>\n<meta property=\"article:modified_time\" content=\"2025-06-02T16:14:54+00:00\" \/>\n<meta property=\"og:image\" content=\"https:\/\/www.rapturecamps.com\/wp-content\/uploads\/2018\/09\/Surf-Group-Lessons-Aerial-Bali.jpg\" \/>\n<meta name=\"twitter:card\" content=\"summary_large_image\" \/>\n<meta name=\"twitter:site\" content=\"@rapturecamps\" \/>\n<meta name=\"twitter:label1\" content=\"Gesch\u00e4tzte Lesezeit\" \/>\n\t<meta name=\"twitter:data1\" content=\"5\u00a0Minuten\" \/>\n<script type=\"application\/ld+json\" class=\"yoast-schema-graph\">{\"@context\":\"https:\\\/\\\/schema.org\",\"@graph\":[{\"@type\":\"WebPage\",\"@id\":\"https:\\\/\\\/www.rapturecamps.com\\\/de\\\/kontakt\\\/\",\"url\":\"https:\\\/\\\/www.rapturecamps.com\\\/de\\\/kontakt\\\/\",\"name\":\"Fragen? Wir melden uns in max. 12 Stunden - Rapture Surfcamps\",\"isPartOf\":{\"@id\":\"https:\\\/\\\/www.rapturecamps.com\\\/de\\\/#website\"},\"datePublished\":\"2018-09-24T05:08:39+00:00\",\"dateModified\":\"2025-06-02T16:14:54+00:00\",\"description\":\"Du hast Fragen zum Surfcamp, der Unterk\u00fcnfte, dem Surfunterricht, den Yoga Einheiten, zum Essen oder anderem? Kontaktiere uns jederzeit!\",\"inLanguage\":\"de\",\"potentialAction\":[{\"@type\":\"ReadAction\",\"target\":[\"https:\\\/\\\/www.rapturecamps.com\\\/de\\\/kontakt\\\/\"]}]},{\"@type\":\"WebSite\",\"@id\":\"https:\\\/\\\/www.rapturecamps.com\\\/de\\\/#website\",\"url\":\"https:\\\/\\\/www.rapturecamps.com\\\/de\\\/\",\"name\":\"Rapture Surfcamps\",\"description\":\"Surfen Sie durch die Welt - Bali, Costa Rica, Nicaragua, Portugal\",\"publisher\":{\"@id\":\"https:\\\/\\\/www.rapturecamps.com\\\/de\\\/#organization\"},\"potentialAction\":[{\"@type\":\"SearchAction\",\"target\":{\"@type\":\"EntryPoint\",\"urlTemplate\":\"https:\\\/\\\/www.rapturecamps.com\\\/de\\\/?s={search_term_string}\"},\"query-input\":{\"@type\":\"PropertyValueSpecification\",\"valueRequired\":true,\"valueName\":\"search_term_string\"}}],\"inLanguage\":\"de\"},{\"@type\":\"Organization\",\"@id\":\"https:\\\/\\\/www.rapturecamps.com\\\/de\\\/#organization\",\"name\":\"Rapture Surfcamps\",\"url\":\"https:\\\/\\\/www.rapturecamps.com\\\/de\\\/\",\"logo\":{\"@type\":\"ImageObject\",\"inLanguage\":\"de\",\"@id\":\"https:\\\/\\\/www.rapturecamps.com\\\/de\\\/#\\\/schema\\\/logo\\\/image\\\/\",\"url\":\"https:\\\/\\\/www.rapturecamps.com\\\/wp-content\\\/uploads\\\/2019\\\/10\\\/Rapturecamps_logo.png\",\"contentUrl\":\"https:\\\/\\\/www.rapturecamps.com\\\/wp-content\\\/uploads\\\/2019\\\/10\\\/Rapturecamps_logo.png\",\"width\":960,\"height\":960,\"caption\":\"Rapture Surfcamps\"},\"image\":{\"@id\":\"https:\\\/\\\/www.rapturecamps.com\\\/de\\\/#\\\/schema\\\/logo\\\/image\\\/\"},\"sameAs\":[\"https:\\\/\\\/www.facebook.com\\\/Rapturecamps\\\/\",\"https:\\\/\\\/x.com\\\/rapturecamps\",\"https:\\\/\\\/www.instagram.com\\\/rapturecamps\\\/\",\"https:\\\/\\\/www.pinterest.com\\\/rapturecamps\",\"https:\\\/\\\/www.youtube.com\\\/user\\\/Rapturecamps\\\/\"]}]}<\/script>\n<!-- \/ Yoast SEO Premium plugin. -->","yoast_head_json":{"title":"Fragen? Wir melden uns in max. 12 Stunden - Rapture Surfcamps","description":"Du hast Fragen zum Surfcamp, der Unterk\u00fcnfte, dem Surfunterricht, den Yoga Einheiten, zum Essen oder anderem? Kontaktiere uns jederzeit!","robots":{"index":"index","follow":"follow","max-snippet":"max-snippet:-1","max-image-preview":"max-image-preview:large","max-video-preview":"max-video-preview:-1"},"canonical":"https:\/\/www.rapturecamps.com\/de\/kontakt\/","og_locale":"de_DE","og_type":"article","og_title":"Kontakt","og_description":"Du hast Fragen zum Surfcamp, der Unterk\u00fcnfte, dem Surfunterricht, den Yoga Einheiten, zum Essen oder anderem? Kontaktiere uns jederzeit!","og_url":"https:\/\/www.rapturecamps.com\/de\/kontakt\/","og_site_name":"Rapture Surfcamps","article_publisher":"https:\/\/www.facebook.com\/Rapturecamps\/","article_modified_time":"2025-06-02T16:14:54+00:00","og_image":[{"url":"https:\/\/www.rapturecamps.com\/wp-content\/uploads\/2018\/09\/Surf-Group-Lessons-Aerial-Bali.jpg","type":"","width":"","height":""}],"twitter_card":"summary_large_image","twitter_site":"@rapturecamps","twitter_misc":{"Gesch\u00e4tzte Lesezeit":"5\u00a0Minuten"},"schema":{"@context":"https:\/\/schema.org","@graph":[{"@type":"WebPage","@id":"https:\/\/www.rapturecamps.com\/de\/kontakt\/","url":"https:\/\/www.rapturecamps.com\/de\/kontakt\/","name":"Fragen? Wir melden uns in max. 12 Stunden - Rapture Surfcamps","isPartOf":{"@id":"https:\/\/www.rapturecamps.com\/de\/#website"},"datePublished":"2018-09-24T05:08:39+00:00","dateModified":"2025-06-02T16:14:54+00:00","description":"Du hast Fragen zum Surfcamp, der Unterk\u00fcnfte, dem Surfunterricht, den Yoga Einheiten, zum Essen oder anderem? Kontaktiere uns jederzeit!","inLanguage":"de","potentialAction":[{"@type":"ReadAction","target":["https:\/\/www.rapturecamps.com\/de\/kontakt\/"]}]},{"@type":"WebSite","@id":"https:\/\/www.rapturecamps.com\/de\/#website","url":"https:\/\/www.rapturecamps.com\/de\/","name":"Rapture Surfcamps","description":"Surfen Sie durch die Welt - Bali, Costa Rica, Nicaragua, Portugal","publisher":{"@id":"https:\/\/www.rapturecamps.com\/de\/#organization"},"potentialAction":[{"@type":"SearchAction","target":{"@type":"EntryPoint","urlTemplate":"https:\/\/www.rapturecamps.com\/de\/?s={search_term_string}"},"query-input":{"@type":"PropertyValueSpecification","valueRequired":true,"valueName":"search_term_string"}}],"inLanguage":"de"},{"@type":"Organization","@id":"https:\/\/www.rapturecamps.com\/de\/#organization","name":"Rapture Surfcamps","url":"https:\/\/www.rapturecamps.com\/de\/","logo":{"@type":"ImageObject","inLanguage":"de","@id":"https:\/\/www.rapturecamps.com\/de\/#\/schema\/logo\/image\/","url":"https:\/\/www.rapturecamps.com\/wp-content\/uploads\/2019\/10\/Rapturecamps_logo.png","contentUrl":"https:\/\/www.rapturecamps.com\/wp-content\/uploads\/2019\/10\/Rapturecamps_logo.png","width":960,"height":960,"caption":"Rapture Surfcamps"},"image":{"@id":"https:\/\/www.rapturecamps.com\/de\/#\/schema\/logo\/image\/"},"sameAs":["https:\/\/www.facebook.com\/Rapturecamps\/","https:\/\/x.com\/rapturecamps","https:\/\/www.instagram.com\/rapturecamps\/","https:\/\/www.pinterest.com\/rapturecamps","https:\/\/www.youtube.com\/user\/Rapturecamps\/"]}]}},"_links":{"self":[{"href":"https:\/\/www.rapturecamps.com\/de\/wp-json\/wp\/v2\/pages\/895","targetHints":{"allow":["GET"]}}],"collection":[{"href":"https:\/\/www.rapturecamps.com\/de\/wp-json\/wp\/v2\/pages"}],"about":[{"href":"https:\/\/www.rapturecamps.com\/de\/wp-json\/wp\/v2\/types\/page"}],"author":[{"embeddable":true,"href":"https:\/\/www.rapturecamps.com\/de\/wp-json\/wp\/v2\/users\/2"}],"replies":[{"embeddable":true,"href":"https:\/\/www.rapturecamps.com\/de\/wp-json\/wp\/v2\/comments?post=895"}],"version-history":[{"count":2,"href":"https:\/\/www.rapturecamps.com\/de\/wp-json\/wp\/v2\/pages\/895\/revisions"}],"predecessor-version":[{"id":17432,"href":"https:\/\/www.rapturecamps.com\/de\/wp-json\/wp\/v2\/pages\/895\/revisions\/17432"}],"wp:attachment":[{"href":"https:\/\/www.rapturecamps.com\/de\/wp-json\/wp\/v2\/media?parent=895"}],"curies":[{"name":"wp","href":"https:\/\/api.w.org\/{rel}","templated":true}]}}