{"id":896,"date":"2018-08-30T07:38:20","date_gmt":"2018-08-30T07:38:20","guid":{"rendered":"https:\/\/www.rapturecamps.com\/home\/"},"modified":"2024-11-26T18:10:20","modified_gmt":"2024-11-26T18:10:20","slug":"home","status":"publish","type":"page","link":"https:\/\/www.rapturecamps.com\/de\/","title":{"rendered":"Home"},"content":{"rendered":"\n<p>Rapturecamps ist ein Netzwerk von Surfcamps, das bestrebt ist, exzellenten Surfurlaub und Surfunterricht f\u00fcr Menschen aus der ganzen Welt anzubieten. Du bist Anf\u00e4nger und suchst eine Surfschule? Oder ein erfahrener Surfer, der neue Surfbreaks entdecken m\u00f6chte? Wir sind hier, um Ihnen zu helfen, das Beste aus Ihrem Surferlebnis herauszuholen. Weiter lesen!<\/p>\n\n\n\n<p>Vor vielen Monden haben wir <a href=\"https:\/\/www.rapturecamps.com\/de\/about\/\">Rapture Surfcamps gegr\u00fcndet<\/a>, um dir eine Flucht aus dem Alltag zu bieten. Au\u00dferdem war es eines unserer vielen Ziele, eine angemessene Einf\u00fchrung in den Surf-Lifestyle zu geben. Jetzt, mit 8 Standorten auf 4 Kontinenten, hat sich unsere ber\u00fchmte Rapture Surfcamps Gastfreundschaft nicht ver\u00e4ndert und wir k\u00f6nnen dir mehr Orte anbieten, um ein Teil unserer Familie zu sein. Unsere Camps sind klein und pers\u00f6nlich, Surfen und der Aufenthalt in der N\u00e4he von Mutter Natur ist das, was wir leben und atmen. Besuchen Sie uns, wir w\u00fcrden Sie gerne zu lebenslangen Surfern machen!<\/p>\n\n\n\n<p>M\u00f6chtest du mehr \u00fcber unser t\u00e4gliches Surfleben erfahren? Folgen Sie uns auf <a href=\"https:\/\/www.instagram.com\/rapturecamps\/\">Instagram<\/a> und <a href=\"https:\/\/www.facebook.com\/Rapturecamps\/\"> Facebook a&gt;!<\/a><\/p>\n","protected":false},"excerpt":{"rendered":"<p>Rapturecamps ist ein Netzwerk von Surfcamps, das bestrebt ist, exzellenten Surfurlaub und Surfunterricht f\u00fcr Menschen aus der ganzen Welt anzubieten. Du bist Anf\u00e4nger und suchst eine Surfschule? Oder ein erfahrener Surfer, der neue Surfbreaks entdecken m\u00f6chte? Wir sind hier, um Ihnen zu helfen, das Beste aus Ihrem Surferlebnis herauszuholen. Weiter lesen! Vor vielen Monden haben [&hellip;]<\/p>\n","protected":false},"author":2,"featured_media":3230,"parent":0,"menu_order":1,"comment_status":"closed","ping_status":"closed","template":"page-templates\/temp-home.php","meta":{"_acf_changed":false,"footnotes":""},"class_list":["post-896","page","type-page","status-publish","has-post-thumbnail","hentry"],"acf":[],"yoast_head":"<!-- This site is optimized with the Yoast SEO Premium plugin v26.7 (Yoast SEO v27.6) - https:\/\/yoast.com\/product\/yoast-seo-premium-wordpress\/ -->\n<title>Rapture Surfcamps - Surfen, Essen, Schlafen - Besuch uns!<\/title>\n<meta name=\"description\" content=\"Rapturecamps ist ein Netzwerk aus 7 Surfcamps auf Bali, Costa Rica, Nicaragua und Portugal, Surf-Urlaube f\u00fcr jedes Surflevel.\" \/>\n<meta name=\"robots\" content=\"index, follow, max-snippet:-1, max-image-preview:large, max-video-preview:-1\" \/>\n<link rel=\"canonical\" href=\"https:\/\/www.rapturecamps.com\/de\/\" \/>\n<meta property=\"og:locale\" content=\"de_DE\" \/>\n<meta property=\"og:type\" content=\"article\" \/>\n<meta property=\"og:title\" content=\"Home\" \/>\n<meta property=\"og:description\" content=\"Rapturecamps ist ein Netzwerk aus 7 Surfcamps auf Bali, Costa Rica, Nicaragua und Portugal, Surf-Urlaube f\u00fcr jedes Surflevel.\" \/>\n<meta property=\"og:url\" content=\"https:\/\/www.rapturecamps.com\/de\/\" \/>\n<meta property=\"og:site_name\" content=\"Rapture Surfcamps\" \/>\n<meta property=\"article:publisher\" content=\"https:\/\/www.facebook.com\/Rapturecamps\/\" \/>\n<meta property=\"article:modified_time\" content=\"2024-11-26T18:10:20+00:00\" \/>\n<meta property=\"og:image\" content=\"https:\/\/www.rapturecamps.com\/wp-content\/uploads\/2019\/01\/Location-Selection-Bali-PadangPadang.jpg\" \/>\n<meta name=\"twitter:card\" content=\"summary_large_image\" \/>\n<meta name=\"twitter:site\" content=\"@rapturecamps\" \/>\n<meta name=\"twitter:label1\" content=\"Gesch\u00e4tzte Lesezeit\" \/>\n\t<meta name=\"twitter:data1\" content=\"7\u00a0Minuten\" \/>\n<script type=\"application\/ld+json\" class=\"yoast-schema-graph\">{\"@context\":\"https:\\\/\\\/schema.org\",\"@graph\":[{\"@type\":\"WebPage\",\"@id\":\"https:\\\/\\\/www.rapturecamps.com\\\/de\\\/\",\"url\":\"https:\\\/\\\/www.rapturecamps.com\\\/de\\\/\",\"name\":\"Rapture Surfcamps - Surfen, Essen, Schlafen - Besuch uns!\",\"isPartOf\":{\"@id\":\"https:\\\/\\\/www.rapturecamps.com\\\/de\\\/#website\"},\"primaryImageOfPage\":{\"@id\":\"https:\\\/\\\/www.rapturecamps.com\\\/de\\\/#primaryimage\"},\"image\":{\"@id\":\"https:\\\/\\\/www.rapturecamps.com\\\/de\\\/#primaryimage\"},\"thumbnailUrl\":\"https:\\\/\\\/www.rapturecamps.com\\\/wp-content\\\/uploads\\\/2019\\\/01\\\/Location-Selection-Bali-PadangPadang.jpg\",\"datePublished\":\"2018-08-30T07:38:20+00:00\",\"dateModified\":\"2024-11-26T18:10:20+00:00\",\"description\":\"Rapturecamps ist ein Netzwerk aus 7 Surfcamps auf Bali, Costa Rica, Nicaragua und Portugal, Surf-Urlaube f\u00fcr jedes Surflevel.\",\"inLanguage\":\"de\",\"potentialAction\":[{\"@type\":\"ReadAction\",\"target\":[\"https:\\\/\\\/www.rapturecamps.com\\\/de\\\/\"]}]},{\"@type\":\"ImageObject\",\"inLanguage\":\"de\",\"@id\":\"https:\\\/\\\/www.rapturecamps.com\\\/de\\\/#primaryimage\",\"url\":\"https:\\\/\\\/www.rapturecamps.com\\\/wp-content\\\/uploads\\\/2019\\\/01\\\/Location-Selection-Bali-PadangPadang.jpg\",\"contentUrl\":\"https:\\\/\\\/www.rapturecamps.com\\\/wp-content\\\/uploads\\\/2019\\\/01\\\/Location-Selection-Bali-PadangPadang.jpg\",\"width\":1920,\"height\":932},{\"@type\":\"WebSite\",\"@id\":\"https:\\\/\\\/www.rapturecamps.com\\\/de\\\/#website\",\"url\":\"https:\\\/\\\/www.rapturecamps.com\\\/de\\\/\",\"name\":\"Rapture Surfcamps\",\"description\":\"Surfen Sie durch die Welt - Bali, Costa Rica, Nicaragua, Portugal\",\"publisher\":{\"@id\":\"https:\\\/\\\/www.rapturecamps.com\\\/de\\\/#organization\"},\"potentialAction\":[{\"@type\":\"SearchAction\",\"target\":{\"@type\":\"EntryPoint\",\"urlTemplate\":\"https:\\\/\\\/www.rapturecamps.com\\\/de\\\/?s={search_term_string}\"},\"query-input\":{\"@type\":\"PropertyValueSpecification\",\"valueRequired\":true,\"valueName\":\"search_term_string\"}}],\"inLanguage\":\"de\"},{\"@type\":\"Organization\",\"@id\":\"https:\\\/\\\/www.rapturecamps.com\\\/de\\\/#organization\",\"name\":\"Rapture Surfcamps\",\"url\":\"https:\\\/\\\/www.rapturecamps.com\\\/de\\\/\",\"logo\":{\"@type\":\"ImageObject\",\"inLanguage\":\"de\",\"@id\":\"https:\\\/\\\/www.rapturecamps.com\\\/de\\\/#\\\/schema\\\/logo\\\/image\\\/\",\"url\":\"https:\\\/\\\/www.rapturecamps.com\\\/wp-content\\\/uploads\\\/2019\\\/10\\\/Rapturecamps_logo.png\",\"contentUrl\":\"https:\\\/\\\/www.rapturecamps.com\\\/wp-content\\\/uploads\\\/2019\\\/10\\\/Rapturecamps_logo.png\",\"width\":960,\"height\":960,\"caption\":\"Rapture Surfcamps\"},\"image\":{\"@id\":\"https:\\\/\\\/www.rapturecamps.com\\\/de\\\/#\\\/schema\\\/logo\\\/image\\\/\"},\"sameAs\":[\"https:\\\/\\\/www.facebook.com\\\/Rapturecamps\\\/\",\"https:\\\/\\\/x.com\\\/rapturecamps\",\"https:\\\/\\\/www.instagram.com\\\/rapturecamps\\\/\",\"https:\\\/\\\/www.pinterest.com\\\/rapturecamps\",\"https:\\\/\\\/www.youtube.com\\\/user\\\/Rapturecamps\\\/\"]}]}<\/script>\n<!-- \/ Yoast SEO Premium plugin. -->","yoast_head_json":{"title":"Rapture Surfcamps - Surfen, Essen, Schlafen - Besuch uns!","description":"Rapturecamps ist ein Netzwerk aus 7 Surfcamps auf Bali, Costa Rica, Nicaragua und Portugal, Surf-Urlaube f\u00fcr jedes Surflevel.","robots":{"index":"index","follow":"follow","max-snippet":"max-snippet:-1","max-image-preview":"max-image-preview:large","max-video-preview":"max-video-preview:-1"},"canonical":"https:\/\/www.rapturecamps.com\/de\/","og_locale":"de_DE","og_type":"article","og_title":"Home","og_description":"Rapturecamps ist ein Netzwerk aus 7 Surfcamps auf Bali, Costa Rica, Nicaragua und Portugal, Surf-Urlaube f\u00fcr jedes Surflevel.","og_url":"https:\/\/www.rapturecamps.com\/de\/","og_site_name":"Rapture Surfcamps","article_publisher":"https:\/\/www.facebook.com\/Rapturecamps\/","article_modified_time":"2024-11-26T18:10:20+00:00","og_image":[{"url":"https:\/\/www.rapturecamps.com\/wp-content\/uploads\/2019\/01\/Location-Selection-Bali-PadangPadang.jpg","type":"","width":"","height":""}],"twitter_card":"summary_large_image","twitter_site":"@rapturecamps","twitter_misc":{"Gesch\u00e4tzte Lesezeit":"7\u00a0Minuten"},"schema":{"@context":"https:\/\/schema.org","@graph":[{"@type":"WebPage","@id":"https:\/\/www.rapturecamps.com\/de\/","url":"https:\/\/www.rapturecamps.com\/de\/","name":"Rapture Surfcamps - Surfen, Essen, Schlafen - Besuch uns!","isPartOf":{"@id":"https:\/\/www.rapturecamps.com\/de\/#website"},"primaryImageOfPage":{"@id":"https:\/\/www.rapturecamps.com\/de\/#primaryimage"},"image":{"@id":"https:\/\/www.rapturecamps.com\/de\/#primaryimage"},"thumbnailUrl":"https:\/\/www.rapturecamps.com\/wp-content\/uploads\/2019\/01\/Location-Selection-Bali-PadangPadang.jpg","datePublished":"2018-08-30T07:38:20+00:00","dateModified":"2024-11-26T18:10:20+00:00","description":"Rapturecamps ist ein Netzwerk aus 7 Surfcamps auf Bali, Costa Rica, Nicaragua und Portugal, Surf-Urlaube f\u00fcr jedes Surflevel.","inLanguage":"de","potentialAction":[{"@type":"ReadAction","target":["https:\/\/www.rapturecamps.com\/de\/"]}]},{"@type":"ImageObject","inLanguage":"de","@id":"https:\/\/www.rapturecamps.com\/de\/#primaryimage","url":"https:\/\/www.rapturecamps.com\/wp-content\/uploads\/2019\/01\/Location-Selection-Bali-PadangPadang.jpg","contentUrl":"https:\/\/www.rapturecamps.com\/wp-content\/uploads\/2019\/01\/Location-Selection-Bali-PadangPadang.jpg","width":1920,"height":932},{"@type":"WebSite","@id":"https:\/\/www.rapturecamps.com\/de\/#website","url":"https:\/\/www.rapturecamps.com\/de\/","name":"Rapture Surfcamps","description":"Surfen Sie durch die Welt - Bali, Costa Rica, Nicaragua, Portugal","publisher":{"@id":"https:\/\/www.rapturecamps.com\/de\/#organization"},"potentialAction":[{"@type":"SearchAction","target":{"@type":"EntryPoint","urlTemplate":"https:\/\/www.rapturecamps.com\/de\/?s={search_term_string}"},"query-input":{"@type":"PropertyValueSpecification","valueRequired":true,"valueName":"search_term_string"}}],"inLanguage":"de"},{"@type":"Organization","@id":"https:\/\/www.rapturecamps.com\/de\/#organization","name":"Rapture Surfcamps","url":"https:\/\/www.rapturecamps.com\/de\/","logo":{"@type":"ImageObject","inLanguage":"de","@id":"https:\/\/www.rapturecamps.com\/de\/#\/schema\/logo\/image\/","url":"https:\/\/www.rapturecamps.com\/wp-content\/uploads\/2019\/10\/Rapturecamps_logo.png","contentUrl":"https:\/\/www.rapturecamps.com\/wp-content\/uploads\/2019\/10\/Rapturecamps_logo.png","width":960,"height":960,"caption":"Rapture Surfcamps"},"image":{"@id":"https:\/\/www.rapturecamps.com\/de\/#\/schema\/logo\/image\/"},"sameAs":["https:\/\/www.facebook.com\/Rapturecamps\/","https:\/\/x.com\/rapturecamps","https:\/\/www.instagram.com\/rapturecamps\/","https:\/\/www.pinterest.com\/rapturecamps","https:\/\/www.youtube.com\/user\/Rapturecamps\/"]}]}},"_links":{"self":[{"href":"https:\/\/www.rapturecamps.com\/de\/wp-json\/wp\/v2\/pages\/896","targetHints":{"allow":["GET"]}}],"collection":[{"href":"https:\/\/www.rapturecamps.com\/de\/wp-json\/wp\/v2\/pages"}],"about":[{"href":"https:\/\/www.rapturecamps.com\/de\/wp-json\/wp\/v2\/types\/page"}],"author":[{"embeddable":true,"href":"https:\/\/www.rapturecamps.com\/de\/wp-json\/wp\/v2\/users\/2"}],"replies":[{"embeddable":true,"href":"https:\/\/www.rapturecamps.com\/de\/wp-json\/wp\/v2\/comments?post=896"}],"version-history":[{"count":2,"href":"https:\/\/www.rapturecamps.com\/de\/wp-json\/wp\/v2\/pages\/896\/revisions"}],"predecessor-version":[{"id":16097,"href":"https:\/\/www.rapturecamps.com\/de\/wp-json\/wp\/v2\/pages\/896\/revisions\/16097"}],"wp:featuredmedia":[{"embeddable":true,"href":"https:\/\/www.rapturecamps.com\/de\/wp-json\/wp\/v2\/media\/3230"}],"wp:attachment":[{"href":"https:\/\/www.rapturecamps.com\/de\/wp-json\/wp\/v2\/media?parent=896"}],"curies":[{"name":"wp","href":"https:\/\/api.w.org\/{rel}","templated":true}]}}